{"id":86892,"date":"2025-07-26T15:05:03","date_gmt":"2025-07-26T19:05:03","guid":{"rendered":"https:\/\/laughandgear.com\/magic-plus-disneyland-vip-day-of-support\/"},"modified":"2025-07-26T18:17:39","modified_gmt":"2025-07-26T22:17:39","slug":"magic-plus-disneyland-soporte-vip-dia-del-parque","status":"publish","type":"page","link":"https:\/\/laughandgear.com\/es\/magic-plus-disneyland-soporte-vip-dia-del-parque\/","title":{"rendered":"Ayuda Experta en Disneyland Todo el D\u00eda \u2013 Servicio Magic+"},"content":{"rendered":"\n\n\t\t\t<h2>Magic+ &#8211; Soporte VIP Todo el D\u00eda en Disneyland<\/h2>\t\t\t\n\t\t\t\t<p><strong>\u00bfQuieres ayuda experta mientras est\u00e1s en el parque?<\/strong><br \/>Ya sea tu primera visita o si tienes el d\u00eda apretado, moverse por Disneyland en tiempo real puede ser abrumador.<\/p>\n<p>Ah\u00ed es donde entra Magic+. Este servicio premium incluye todo lo que ofrece Magic Map &#8211; m\u00e1s acceso todo el d\u00eda a soporte experto y biling\u00fce por texto o email desde las 7:30 a.m. hasta las 9:00 p.m. (hora del Pac\u00edfico). Recibe actualizaciones en tiempo real, ajustes en tu estrategia de atracciones, y ayuda con comidas o encuentros con personajes-todo sin el estr\u00e9s de tener que resolverlo t\u00fa solo.<\/p>\n<p><strong>\u00bfList@ para reservar? Asegura tu Soporte VIP Magic+ aqu\u00ed abajo.<\/strong><\/p>\n\n\t\t\t<h2>Magic+ &#8211; $375<\/h2>\t\t\t\n\t\t\t\t<ul>\n<li><strong>\u2705 Todo lo incluido en Mapa M\u00e1gico<\/strong><\/li>\n<li>\ud83d\udcf2 Soporte por texto o correo desde 30 minutos antes de la apertura hasta las 5 p.m.<\/li>\n<li>\u26a1 Actualizaciones de estrategia en tiempo real durante el d\u00eda<\/li>\n<li>\ud83c\udfaf Consejos en vivo para atracciones, comidas y personajes<\/li>\n<\/ul>\n\t\t\t<h2>\u00bfTienes Preguntas Antes de Reservar?<\/h2>\t\t\t\n\t\t\t\t<p>\u00bfNecesitas ayuda para elegir el paquete correcto? Escr\u00edbeme y con gusto te gu\u00edo paso a paso.<\/p>\n\t\t\t<a href=\"https:\/\/laughandgear.com\/es\/contactanos\/\" title=\"Haz clic aqu\u00ed\" target=\"_self\"   role=\"button\" aria-label=\"Haz tu pregunta primero\">\n\t\t\t\t\t\t\tHaz tu pregunta primero\n\t\t<\/a>\n\n","protected":false},"excerpt":{"rendered":"<p>Magic+ &#8211; Soporte VIP Todo el D\u00eda en Disneyland \u00bfQuieres ayuda experta mientras est\u00e1s en el parque?Ya sea tu primera visita o si tienes el d\u00eda apretado, moverse por Disneyland en tiempo real puede ser abrumador. Ah\u00ed es donde entra Magic+. Este servicio premium incluye todo lo que ofrece Magic Map &#8211; m\u00e1s acceso todo&hellip;<\/p>\n","protected":false},"author":2,"featured_media":0,"parent":0,"menu_order":0,"comment_status":"closed","ping_status":"closed","template":"","meta":{"_seopress_robots_primary_cat":"","_seopress_titles_title":"Soporte VIP el D\u00eda de Tu Visita a Disneyland","_seopress_titles_desc":"Magic+ te ofrece soporte VIP el d\u00eda de tu visita a Disneyland, ayud\u00e1ndote a ajustar planes, manejar Lightning Lanes y disfrutar una experiencia fluida de principio a fin.","_seopress_robots_index":"","footnotes":""},"class_list":["post-86892","page","type-page","status-publish","hentry"],"_links":{"self":[{"href":"https:\/\/laughandgear.com\/es\/wp-json\/wp\/v2\/pages\/86892","targetHints":{"allow":["GET"]}}],"collection":[{"href":"https:\/\/laughandgear.com\/es\/wp-json\/wp\/v2\/pages"}],"about":[{"href":"https:\/\/laughandgear.com\/es\/wp-json\/wp\/v2\/types\/page"}],"author":[{"embeddable":true,"href":"https:\/\/laughandgear.com\/es\/wp-json\/wp\/v2\/users\/2"}],"replies":[{"embeddable":true,"href":"https:\/\/laughandgear.com\/es\/wp-json\/wp\/v2\/comments?post=86892"}],"version-history":[{"count":0,"href":"https:\/\/laughandgear.com\/es\/wp-json\/wp\/v2\/pages\/86892\/revisions"}],"wp:attachment":[{"href":"https:\/\/laughandgear.com\/es\/wp-json\/wp\/v2\/media?parent=86892"}],"curies":[{"name":"wp","href":"https:\/\/api.w.org\/{rel}","templated":true}]}}