{"id":86886,"date":"2025-07-26T13:24:11","date_gmt":"2025-07-26T17:24:11","guid":{"rendered":"https:\/\/laughandgear.com\/magic-start-disneyland-itinerary-strategy-call\/"},"modified":"2025-07-26T17:41:08","modified_gmt":"2025-07-26T21:41:08","slug":"inicio-magico-itinerario-disneyland-llamada-estrategia","status":"publish","type":"page","link":"https:\/\/laughandgear.com\/es\/inicio-magico-itinerario-disneyland-llamada-estrategia\/","title":{"rendered":"Inicio M\u00e1gico: Itinerario de Disneyland + Llamada de Estrategia"},"content":{"rendered":"\n\n\t\t\t<h2>Inicio M\u00e1gico: Itinerario de Disneyland + Llamada de Estrategia<\/h2>\t\t\t\n\t\t\t\t<p><strong>Planificar un viaje de un solo d\u00eda a Disneyland puede sentirse abrumador<\/strong>, especialmente si es tu primera vez o tienes poco tiempo.<\/p>\n<p>Ah\u00ed es donde entra el servicio de Inicio M\u00e1gico. Este servicio personalizado te brinda un itinerario exclusivo para un d\u00eda y una llamada estrat\u00e9gica de 30 minutos (o un video explicativo) para ayudarte a aprovechar cada momento m\u00e1gico, sin estr\u00e9s ni dudas.<\/p>\n<p><strong>\u00bfListo para comenzar? Reserva tu paquete de Inicio M\u00e1gico aqu\u00ed abajo.<\/strong><\/p>\n\n\t\t\t<h2>Inicio M\u00e1gico &#8211; $150<\/h2>\t\t\t\n\t\t\t\t<ul>\n<li>\ud83d\uddfa\ufe0f Itinerario personalizado de 1 d\u00eda<\/li>\n<li>\u26a1 Consejos para Lightning Lanes, comidas y pedidos m\u00f3viles<\/li>\n<li>\ud83d\udcde Llamada o videollamada de planificaci\u00f3n de 30 minutos<\/li>\n<li>\ud83d\udcdd Gu\u00eda de estrategia escrita o en video<\/li>\n<\/ul>\n\t\t\t<h2>\u00bfTienes Preguntas Antes de Reservar?<\/h2>\t\t\t\n\t\t\t\t<p>\u00bfNecesitas ayuda para elegir el paquete correcto? Escr\u00edbeme y con gusto te gu\u00edo paso a paso.<\/p>\n\t\t\t<a href=\"https:\/\/laughandgear.com\/es\/contactanos\/\" title=\"Haz clic aqu\u00ed\" target=\"_self\"   role=\"button\" aria-label=\"Haz tu pregunta primero\">\n\t\t\t\t\t\t\tHaz tu pregunta primero\n\t\t<\/a>\n\n","protected":false},"excerpt":{"rendered":"<p>Inicio M\u00e1gico: Itinerario de Disneyland + Llamada de Estrategia Planificar un viaje de un solo d\u00eda a Disneyland puede sentirse abrumador, especialmente si es tu primera vez o tienes poco tiempo. Ah\u00ed es donde entra el servicio de Inicio M\u00e1gico. Este servicio personalizado te brinda un itinerario exclusivo para un d\u00eda y una llamada estrat\u00e9gica&hellip;<\/p>\n","protected":false},"author":2,"featured_media":0,"parent":0,"menu_order":0,"comment_status":"closed","ping_status":"closed","template":"","meta":{"_seopress_robots_primary_cat":"","_seopress_titles_title":"Inicio M\u00e1gico: Itinerario de Disneyland y Estrategia","_seopress_titles_desc":"\u00bfSolo tienes un d\u00eda para visitar Disneyland? Recibe un itinerario personalizado y una llamada estrat\u00e9gica con un experto biling\u00fce. Ideal para visitantes de Puerto Rico o EE.UU.","_seopress_robots_index":"","footnotes":""},"class_list":["post-86886","page","type-page","status-publish","hentry"],"_links":{"self":[{"href":"https:\/\/laughandgear.com\/es\/wp-json\/wp\/v2\/pages\/86886","targetHints":{"allow":["GET"]}}],"collection":[{"href":"https:\/\/laughandgear.com\/es\/wp-json\/wp\/v2\/pages"}],"about":[{"href":"https:\/\/laughandgear.com\/es\/wp-json\/wp\/v2\/types\/page"}],"author":[{"embeddable":true,"href":"https:\/\/laughandgear.com\/es\/wp-json\/wp\/v2\/users\/2"}],"replies":[{"embeddable":true,"href":"https:\/\/laughandgear.com\/es\/wp-json\/wp\/v2\/comments?post=86886"}],"version-history":[{"count":0,"href":"https:\/\/laughandgear.com\/es\/wp-json\/wp\/v2\/pages\/86886\/revisions"}],"wp:attachment":[{"href":"https:\/\/laughandgear.com\/es\/wp-json\/wp\/v2\/media?parent=86886"}],"curies":[{"name":"wp","href":"https:\/\/api.w.org\/{rel}","templated":true}]}}