{"id":86464,"date":"2025-05-17T18:18:42","date_gmt":"2025-05-17T22:18:42","guid":{"rendered":"https:\/\/laughandgear.com\/disney-vacation-planning\/"},"modified":"2026-04-05T16:28:51","modified_gmt":"2026-04-05T20:28:51","slug":"planificacion-vacaciones-disney","status":"publish","type":"page","link":"https:\/\/laughandgear.com\/es\/planificacion-vacaciones-disney\/","title":{"rendered":"Vacaciones en Disney, Disneyland o en Crucero\u2014Te Ayudamos Paso a Paso"},"content":{"rendered":"\n\n\t<a href=\"https:\/\/laughandgear.com\/book-your-vacation\/\" target=\"_self\"  aria-label=\"Ir a https:\/\/laughandgear.com\/book-your-vacation\/\"><\/a>\n\t\t\t<h1>Tu viaje so\u00f1ado a Disney comienza aqu\u00ed<\/h1>\t\t\t\n\t\t\t\t<p><b>Planificaci\u00f3n de viajes a Disney sin estr\u00e9s<\/b><\/p>\n<p>Te ayudamos con vacaciones Disney, Disney Cruise Line y escapadas a parques tem\u00e1ticos sin complicarte<\/p>\n\t\t\t<a href=\"https:\/\/laughandgear.com\/es\/servicios-de-planificacion-de-vacaciones\/\" title=\"Planifica tu viaje\" target=\"_self\"   role=\"button\" aria-label=\"Planifica tu viaje\">\n\t\t\t\t\t\t\tPlanifica tu viaje\n\t\t<\/a>\n\t<a href=\"https:\/\/laughandgear.com\/book-disney-world-travel-packages\/\" target=\"_self\"  aria-label=\"Ir a https:\/\/laughandgear.com\/book-disney-world-travel-packages\/\"><\/a>\n\t\t\t\t<img decoding=\"async\" src=\"https:\/\/laughandgear.com\/wp-content\/uploads\/2025\/02\/RJC_5754.jpg\" alt=\"Magic Kingdom fireworks illuminate the night sky over Cinderella Castle, as seen from Disney's Grand Floridian Resort. Captured by photographer Ra\u00fal Col\u00f3n.\" title=\"Magic Kingdom Fireworks from Disney's Grand Floridian - Photography by Ra\u00fal Col\u00f3n\" itemprop=\"image\"\/>\n\t\t<h3>Walt Disney World<\/h3>\t\t\t\n\t<a href=\"https:\/\/laughandgear.com\/book-your-disney-cruise-line-vacation-package\/\" target=\"_self\"  aria-label=\"Ir a https:\/\/laughandgear.com\/book-your-disney-cruise-line-vacation-package\/\"><\/a>\n\t\t\t\t<img decoding=\"async\" src=\"https:\/\/laughandgear.com\/wp-content\/uploads\/2025\/02\/RJC_0467.jpg\" alt=\"Disney Dream cruise ship docked at port in Aruba with a clear blue sky and turquoise waters.\" title=\"Disney Dream at Port in Aruba - A Magical Cruise Experience\" itemprop=\"image\"\/>\n\t\t<h3>Disney Cruise Line<\/h3>\t\t\t\n\t<a href=\"https:\/\/laughandgear.com\/disneyland-vacation-packages\/\" target=\"_self\"  aria-label=\"Ir a https:\/\/laughandgear.com\/disneyland-vacation-packages\/\"><\/a>\n\t\t\t\t<img decoding=\"async\" src=\"https:\/\/laughandgear.com\/wp-content\/uploads\/2025\/03\/RJC_6749-2.jpg\" alt=\"Pixar Pier at Disney California Adventure with Mickey&#039;s Fun Wheel and the Incredicoaster on a partly cloudy day in early March.\" title=\"Pixar Pier at Disney California Adventure\" itemprop=\"image\"\/>\n\t\t<h3>Disneyland Resort<\/h3>\t\t\t\n\t<a href=\"https:\/\/laughandgear.com\/complete-guide-to-disney-world-hotels\/\" target=\"_self\"  aria-label=\"Ir a https:\/\/laughandgear.com\/complete-guide-to-disney-world-hotels\/\"><\/a>\n\t\t\t\t<img decoding=\"async\" src=\"https:\/\/laughandgear.com\/wp-content\/uploads\/2025\/06\/disney-coronado-springs-sunset-view-from-gran-destino.jpg\" alt=\"Aerial sunset view of Disney's Coronado Springs Resort and lake, captured from Gran Destino Tower\" title=\"Sunset View of Coronado Springs from Gran Destino Tower\" itemprop=\"image\"\/>\n\t\t<h3>Disney Hotel Guide<\/h3>\t\t\t\n\t\t<h2>Experiencia Disney de Verdad<\/h2>\t\t\t\n\t\t\t\t<p>Nuestro asesor de viajes, Ra\u00fal Col\u00f3n, lleva <strong>a\u00f1os explorando los destinos Disney<\/strong> en persona-desde hacer park hopping en Walt Disney World y Disneyland hasta navegar en los Cruceros Disney y disfrutar de eventos especiales como la Fiesta de Halloween de Mickey.<\/p>\n\t\t<h2>Orientaci\u00f3n Clara y Actualizada<\/h2>\t\t\t\n\t\t\t\t<p>Te mantenemos al tanto con consejos \u00fatiles de planificaci\u00f3n, actualizaciones importantes sobre destinos Disney y una orientaci\u00f3n clara para que <strong>siempre<\/strong> sepas qu\u00e9 esperar y cu\u00e1ndo.<\/p>\n\t\t<h2>Sin Cargos por Reservaci\u00f3n<\/h2>\t\t\t\n\t\t\t\tEn Laugh &amp; Gear, la planificaci\u00f3n de tus vacaciones Disney es un servicio gratuito cuando reservas con nosotros. Recibe ayuda experta <strong>sin costo adicional<\/strong>-porque planificar debe ser m\u00e1gico, no estresante.\n\t\t<h2>Monitoreamos Descuentos por Ti<\/h2>\t\t\t\n\t\t\t\t<p>Nos mantenemos pendientes de ofertas y promociones de Disney, incluso despu\u00e9s de reservar, para asegurarnos de que obtengas el <strong>mejor valor disponible<\/strong>.<\/p>\n\t\t<h2>Atenci\u00f3n Personalizada <br \/>Uno a Uno<\/h2>\t\t\t\n\t\t\t\t<p>No eres un n\u00famero m\u00e1s. Recibes <strong>atenci\u00f3n individual<\/strong> desde el primer contacto hasta que regresas a casa, con recomendaciones, consejos pr\u00e1cticos y apoyo cuando m\u00e1s lo necesitas.<\/p>\n\t\t<h2>Servicio Confiable y Transparente<\/h2>\t\t\t\n\t\t\t\t<p>No perseguimos premios, construimos <strong>relaciones a largo plazo<\/strong>. Laugh &amp; Gear cuenta con respaldo en la industria y un compromiso real de ayudarte a viajar mejor, ya sea tu primera vez o una visita m\u00e1s.<\/p>\n<h2>\n\t\t\t\ud83d\udccd \u00bfA D\u00f3nde Quieres Viajar?\t<\/h2>\n\t<p>\u2728 Walt Disney World en Orlando<\/p>\n<p>\u2728 Disneyland en California y Disneyland Par\u00eds<\/p>\n<p>\u2728 Cruceros Disney &#038; Adventures by Disney<\/p>\n<h2>\n\t\t\t\ud83c\udf1f \u00bfPor qu\u00e9 reservar con nosotros?\t<\/h2>\n\t<p>\ud83d\udece\ufe0f Planificaci\u00f3n sin estr\u00e9s<\/p>\n<p>\ud83c\udfaf Recomendaciones expertas en hoteles, comidas y estrategias para los parques<\/p>\n<p>\ud83c\udf9f\ufe0f Paquetes personalizados para tus vacaciones Disney<\/p>\n\t\t\t<a href=\"#book-now\" title=\"Reserva con Nosotros\" target=\"_self\"   role=\"button\" aria-label=\"Reserva con Nosotros\">\n\t\t\t\t\t\t\tReserva con Nosotros\n\t\t<\/a>\n\t\t\t\t\t\t\t\t\t<img loading=\"lazy\" decoding=\"async\" src=\"https:\/\/laughandgear.com\/wp-content\/uploads\/2025\/02\/RJC_4079.jpg\" alt=\"Cinderella's Castle at Magic Kingdom illuminated in Halloween colors during Mickey&#039;s Not-So-Scary Halloween Party. Captured by photographer Ra\u00fal Col\u00f3n.\" itemprop=\"image\" height=\"2048\" width=\"1638\" srcset=\"https:\/\/laughandgear.com\/wp-content\/uploads\/2025\/02\/RJC_4079.jpg 1638w, https:\/\/laughandgear.com\/wp-content\/uploads\/2025\/02\/RJC_4079-240x300.jpg 240w, https:\/\/laughandgear.com\/wp-content\/uploads\/2025\/02\/RJC_4079-819x1024.jpg 819w, https:\/\/laughandgear.com\/wp-content\/uploads\/2025\/02\/RJC_4079-768x960.jpg 768w, https:\/\/laughandgear.com\/wp-content\/uploads\/2025\/02\/RJC_4079-1229x1536.jpg 1229w, https:\/\/laughandgear.com\/wp-content\/uploads\/2025\/02\/RJC_4079-600x750.jpg 600w\" sizes=\"auto, (max-width: 1638px) 100vw, 1638px\" title=\"Cinderella's Castle at Magic Kingdom - Mickey's Not-So-Scary Halloween Party by Ra\u00fal Col\u00f3n\" onerror=\"this.style.display='none'\"  \/>\n\t\t\t<h2>No solo planificamos viajes a Disney&#8230; los vivimos<\/h2>\t\t\t\n\t\t\t\t<p>Nuestras propias vacaciones son la base de todo lo que recomendamos. Eso significa consejos reales, tips personales y planificaci\u00f3n pr\u00e1ctica para tu familia.<\/p>\n\t\t\t<h3>30+ <br \/>Visitas a Walt Disney World<\/h3>\t\t\t\n\t\t\t\t<p>Desde 2007, <strong>hemos visitado m\u00e1s de 30 veces<\/strong>, en todas las temporadas, casi todos los festivales, todos los parques en EE. UU. y cada categor\u00eda de resort.<\/p>\n\t\t\t<h3><span class=\"disney-cruise-count\">10<\/span><br \/>Disney Cruises<\/h3>\t\t\t\n\t\t\t\t<p>Como miembros Platinum de Castaway Club, hemos navegado en 4 de los 7 barcos de Disney. Desde el rotational dining hasta Castaway Cay, conocemos c\u00f3mo planificar un crucero sin estr\u00e9s y bien pensado.<\/p>\n\t\t\t<h5>Somos<\/h5><h3>Passholders  <br \/>de Disney<\/h3>\t\t\t\n\t\t\t\t<p>Hemos tenido pases anuales de Disney desde 2015 y los usamos con frecuencia.<\/p>\n\t\t\t<h3>Miembros DVC<\/h3>\t\t\t\n\t\t\t\t<p>Miembros orgullosos de Disney Vacation Club desde 2018. Preg\u00fantanos lo que quieras sobre hoteles deluxe.<\/p>\n\t\t\t<h3>25 hoteles Disney (y contando)<\/h3>\t\t\t\n\t\t\t\t<p>Desde opciones econ\u00f3micas hasta vistas deluxe, hemos experimentado personalmente 23 hoteles en Disney World y casi todos en Disneyland tambi\u00e9n.<\/p>\n<p><strong>Nuestro consejo viene de noches reales en esos hoteles, no de marketing bonito.<\/strong><\/p>\n\t\t\t<h3>Fan\u00e1ticos de parques tem\u00e1ticos<\/h3>\t\t\t\n\t\t\t\t<p>Pasamos m\u00e1s de 2 meses al a\u00f1o en parques de Disney y Universal, y 1 mes en cruceros.<\/p>\n\t\t\t<h2>\u00a1Empieza a Planear las Vacaciones Disney de tus Sue\u00f1os Hoy!<\/h2>\t\t\t\n\t\t\t\t<p><strong>\u00a1Haz realidad tu viaje m\u00e1gico a Disney!<\/strong> Ya sea que quieras visitar <strong>Walt Disney World, Disneyland o disfrutar de un crucero inolvidable con Disney Cruise Line<\/strong>, estamos aqu\u00ed para encargarnos de los detalles mientras t\u00fa te enfocas en la diversi\u00f3n.<\/p>\n<p><strong>\ud83d\udce9 Llena el formulario abajo y d\u00e9janos ayudarte a crear tu experiencia Disney ideal.<\/strong><\/p>\n\n","protected":false},"excerpt":{"rendered":"<p>Tu viaje so\u00f1ado a Disney comienza aqu\u00ed Planificaci\u00f3n de viajes a Disney sin estr\u00e9s Te ayudamos con vacaciones Disney, Disney Cruise Line y escapadas a parques tem\u00e1ticos sin complicarte Planifica tu viaje Walt Disney World Disney Cruise Line Disneyland Resort Disney Hotel Guide Experiencia Disney de Verdad Nuestro asesor de viajes, Ra\u00fal Col\u00f3n, lleva a\u00f1os&hellip;<\/p>\n","protected":false},"author":2,"featured_media":86460,"parent":0,"menu_order":0,"comment_status":"closed","ping_status":"closed","template":"","meta":{"_seopress_robots_primary_cat":"","_seopress_titles_title":"Vacaciones Disney sin estr\u00e9s: Planifica con nosotros","_seopress_titles_desc":"Planifica Disney World, Disneyland o un crucero sin estr\u00e9s. Te ayudamos con todo para que vivas una experiencia m\u00e1gica y sin complicaciones.","_seopress_robots_index":"","footnotes":""},"class_list":["post-86464","page","type-page","status-publish","has-post-thumbnail","hentry"],"_links":{"self":[{"href":"https:\/\/laughandgear.com\/es\/wp-json\/wp\/v2\/pages\/86464","targetHints":{"allow":["GET"]}}],"collection":[{"href":"https:\/\/laughandgear.com\/es\/wp-json\/wp\/v2\/pages"}],"about":[{"href":"https:\/\/laughandgear.com\/es\/wp-json\/wp\/v2\/types\/page"}],"author":[{"embeddable":true,"href":"https:\/\/laughandgear.com\/es\/wp-json\/wp\/v2\/users\/2"}],"replies":[{"embeddable":true,"href":"https:\/\/laughandgear.com\/es\/wp-json\/wp\/v2\/comments?post=86464"}],"version-history":[{"count":0,"href":"https:\/\/laughandgear.com\/es\/wp-json\/wp\/v2\/pages\/86464\/revisions"}],"wp:featuredmedia":[{"embeddable":true,"href":"https:\/\/laughandgear.com\/es\/wp-json\/wp\/v2\/media\/86460"}],"wp:attachment":[{"href":"https:\/\/laughandgear.com\/es\/wp-json\/wp\/v2\/media?parent=86464"}],"curies":[{"name":"wp","href":"https:\/\/api.w.org\/{rel}","templated":true}]}}