{"id":86348,"date":"2025-01-01T15:25:33","date_gmt":"2025-01-01T20:25:33","guid":{"rendered":"https:\/\/laughandgear.com\/connect-with-fellow-theme-park-fans\/"},"modified":"2025-05-11T13:30:17","modified_gmt":"2025-05-11T17:30:17","slug":"conectate-con-otros-fans-de-parques-tematicos","status":"publish","type":"page","link":"https:\/\/laughandgear.com\/es\/conectate-con-otros-fans-de-parques-tematicos\/","title":{"rendered":"Connect with Fellow Theme Park Fans"},"content":{"rendered":"\n\n\t\t\t<h2>Con\u00e9ctate con Otros Fans<\/h2>\t\t\t\n\t\t\t\t<p>Comparte tu email para acceder a nuestro grupo exclusivo en Facebook y \u00fanete a la conversaci\u00f3n con otros entusiastas de los parques tem\u00e1ticos.<\/p>\n<p>Ingresa tu correo electr\u00f3nico abajo para recibir tu invitaci\u00f3n y conectar con otros fans hoy mismo.<\/p>\n<h2>\n\t\t\u00bfTienes Preguntas?\n\t<\/h2>\n\t<p>Con\u00e9ctate con otros entusiastas de los parques, comparte consejos y recibe recomendaciones personalizadas de nuestro equipo.<\/p>\n\t\t\t<a href=\"https:\/\/laughandgear.com\/es\/contactanos\/\" title=\"Haz clic aqu\u00ed\" target=\"_self\"   role=\"button\" aria-label=\"Hablemos\">\n\t\t\t\t\t\t\tHablemos\n\t\t<\/a>\n\n","protected":false},"excerpt":{"rendered":"<p>Con\u00e9ctate con Otros Fans Comparte tu email para acceder a nuestro grupo exclusivo en Facebook y \u00fanete a la conversaci\u00f3n con otros entusiastas de los parques tem\u00e1ticos. Ingresa tu correo electr\u00f3nico abajo para recibir tu invitaci\u00f3n y conectar con otros fans hoy mismo. \u00bfTienes Preguntas? Con\u00e9ctate con otros entusiastas de los parques, comparte consejos y&hellip;<\/p>\n","protected":false},"author":2,"featured_media":0,"parent":0,"menu_order":0,"comment_status":"closed","ping_status":"closed","template":"","meta":{"_seopress_robots_primary_cat":"","_seopress_titles_title":"Con\u00e9ctate con Otros Fans de los Parques Tem\u00e1ticos | \u00danete","_seopress_titles_desc":"\u00a1\u00danete a nuestra comunidad de fan\u00e1ticos de los parques! Comparte consejos, recibe recomendaciones y conecta con otros entusiastas de Disney, Universal y m\u00e1s en nuestro grupo en l\u00ednea.","_seopress_robots_index":"","footnotes":""},"class_list":["post-86348","page","type-page","status-publish","hentry"],"_links":{"self":[{"href":"https:\/\/laughandgear.com\/es\/wp-json\/wp\/v2\/pages\/86348","targetHints":{"allow":["GET"]}}],"collection":[{"href":"https:\/\/laughandgear.com\/es\/wp-json\/wp\/v2\/pages"}],"about":[{"href":"https:\/\/laughandgear.com\/es\/wp-json\/wp\/v2\/types\/page"}],"author":[{"embeddable":true,"href":"https:\/\/laughandgear.com\/es\/wp-json\/wp\/v2\/users\/2"}],"replies":[{"embeddable":true,"href":"https:\/\/laughandgear.com\/es\/wp-json\/wp\/v2\/comments?post=86348"}],"version-history":[{"count":0,"href":"https:\/\/laughandgear.com\/es\/wp-json\/wp\/v2\/pages\/86348\/revisions"}],"wp:attachment":[{"href":"https:\/\/laughandgear.com\/es\/wp-json\/wp\/v2\/media?parent=86348"}],"curies":[{"name":"wp","href":"https:\/\/api.w.org\/{rel}","templated":true}]}}