{"id":86341,"date":"2025-02-19T10:00:46","date_gmt":"2025-02-19T15:00:46","guid":{"rendered":"https:\/\/laughandgear.com\/luxury-transportation-services\/"},"modified":"2025-05-11T12:38:26","modified_gmt":"2025-05-11T16:38:26","slug":"servicios-de-transporte-de-lujo","status":"publish","type":"page","link":"https:\/\/laughandgear.com\/es\/servicios-de-transporte-de-lujo\/","title":{"rendered":"Servicios de Transporte de Lujo"},"content":{"rendered":"\n<h1>\n\t\tViaja sin Estr\u00e9s y con Comodidad Premium\n\t<\/h1>\n\t<p><strong>Haz tu viaje m\u00e1s f\u00e1cil y sin preocupaciones<\/strong> con servicios de transporte exclusivos.<\/p>\n<p>Ya sea que necesites un traslado c\u00f3modo del hotel al aeropuerto o desde el Aeropuerto de Orlando hasta Port Canaveral, <strong>estamos aqu\u00ed para ayudarte.<\/strong><\/p>\n<p>Esta es una alianza premium entre <strong>Laugh &amp; Gear<\/strong> y <strong>GEM Luxury Services.<\/strong><\/p>\n\t\t\t<a href=\"#cta\" title=\"Haz clic aqu\u00ed\" target=\"_self\"   role=\"button\" aria-label=\"Agenda Tu Viaje\">\n\t\t\t\t\t\t\tAgenda Tu Viaje\n\t\t<\/a>\n\t\t\t<h2>Servicios de Transporte de Lujo<\/h2><p>\u00c1rea Metropolitana de Orlando<\/p>\t\t\t\n\t\t\t\t\t\t\t\t\t<img loading=\"lazy\" decoding=\"async\" src=\"https:\/\/laughandgear.com\/wp-content\/uploads\/2025\/02\/RJC_8487.jpg\" alt=\"Sunset view of Disney's Grand Floridian Resort from the balcony of a Standard Resort View room at Big Pine Key, showcasing elegant Victorian architecture and lush landscaping.\" itemprop=\"image\" height=\"1365\" width=\"2048\" srcset=\"https:\/\/laughandgear.com\/wp-content\/uploads\/2025\/02\/RJC_8487.jpg 2048w, https:\/\/laughandgear.com\/wp-content\/uploads\/2025\/02\/RJC_8487-300x200.jpg 300w, https:\/\/laughandgear.com\/wp-content\/uploads\/2025\/02\/RJC_8487-1024x683.jpg 1024w, https:\/\/laughandgear.com\/wp-content\/uploads\/2025\/02\/RJC_8487-768x512.jpg 768w, https:\/\/laughandgear.com\/wp-content\/uploads\/2025\/02\/RJC_8487-1536x1024.jpg 1536w, https:\/\/laughandgear.com\/wp-content\/uploads\/2025\/02\/RJC_8487-600x400.jpg 600w\" sizes=\"auto, (max-width: 2048px) 100vw, 2048px\" title=\"Disney's Grand Floridian Resort - Sunset View from Big Pine Key\" onerror=\"this.style.display='none'\"  \/>\n\t\t\t<h3>\ud83d\ude97 Traslados del Aeropuerto al Hotel<\/h3>\t\t\t\n\t\t\t\t\u00bfLlegas a Orlando? Nuestro socio ofrece un servicio premium de recogida en el aeropuerto, llev\u00e1ndote a tu hotel de forma r\u00e1pida y c\u00f3moda. Evita las filas largas de taxis y comienza tu viaje con tranquilidad.\n\t\t\t<h3>\ud83d\ude96 Traslados del Hotel al Aeropuerto<\/h3>\t\t\t\n\t\t\t\tDisfruta de un viaje c\u00f3modo y sin estr\u00e9s desde tu hotel hacia el Aeropuerto Internacional de Orlando (MCO) o cualquier aeropuerto cercano. Los conductores profesionales de nuestro socio premier garantizan puntualidad, veh\u00edculos c\u00f3modos y una experiencia sin complicaciones.\n\t\t\t\t\t\t\t\t\t<img loading=\"lazy\" decoding=\"async\" src=\"https:\/\/laughandgear.com\/wp-content\/uploads\/2025\/02\/photo-polynesian-by-raulcolon.jpg\" alt=\"Polynesian Bungalows at night from Lake View DVC Villas, with Cinderella Castle glowing in the background.\" itemprop=\"image\" height=\"1365\" width=\"2048\" srcset=\"https:\/\/laughandgear.com\/wp-content\/uploads\/2025\/02\/photo-polynesian-by-raulcolon.jpg 2048w, https:\/\/laughandgear.com\/wp-content\/uploads\/2025\/02\/photo-polynesian-by-raulcolon-300x200.jpg 300w, https:\/\/laughandgear.com\/wp-content\/uploads\/2025\/02\/photo-polynesian-by-raulcolon-1024x683.jpg 1024w, https:\/\/laughandgear.com\/wp-content\/uploads\/2025\/02\/photo-polynesian-by-raulcolon-768x512.jpg 768w, https:\/\/laughandgear.com\/wp-content\/uploads\/2025\/02\/photo-polynesian-by-raulcolon-1536x1024.jpg 1536w, https:\/\/laughandgear.com\/wp-content\/uploads\/2025\/02\/photo-polynesian-by-raulcolon-600x400.jpg 600w\" sizes=\"auto, (max-width: 2048px) 100vw, 2048px\" title=\"Polynesian Bungalows at Night - View from DVC Villas\" onerror=\"this.style.display='none'\"  \/>\n\t\t\t\t\t\t\t\t\t<img loading=\"lazy\" decoding=\"async\" src=\"https:\/\/laughandgear.com\/wp-content\/uploads\/2025\/02\/RJC_9184.jpg\" alt=\"Aerial view of Disney Cruise Line Terminal at Port Canaveral, captured from the Disney Wish, with the ocean and parking structures in the background.\" itemprop=\"image\" height=\"1365\" width=\"2048\" srcset=\"https:\/\/laughandgear.com\/wp-content\/uploads\/2025\/02\/RJC_9184.jpg 2048w, https:\/\/laughandgear.com\/wp-content\/uploads\/2025\/02\/RJC_9184-300x200.jpg 300w, https:\/\/laughandgear.com\/wp-content\/uploads\/2025\/02\/RJC_9184-1024x683.jpg 1024w, https:\/\/laughandgear.com\/wp-content\/uploads\/2025\/02\/RJC_9184-768x512.jpg 768w, https:\/\/laughandgear.com\/wp-content\/uploads\/2025\/02\/RJC_9184-1536x1024.jpg 1536w, https:\/\/laughandgear.com\/wp-content\/uploads\/2025\/02\/RJC_9184-600x400.jpg 600w\" sizes=\"auto, (max-width: 2048px) 100vw, 2048px\" title=\"Disney Cruise Line Terminal at Port Canaveral - View from the Disney Wish\" onerror=\"this.style.display='none'\"  \/>\n\t\t\t<h3>\ud83d\udef3\ufe0f Traslados del Aeropuerto a Port Canaveral para Cruceros<\/h3>\t\t\t\n\t\t\t\t\u00bfVas de crucero con Disney o en otro viaje? El servicio directo de transporte de nuestro socio desde el Aeropuerto Internacional de Orlando hasta Port Canaveral te garantiza un comienzo sin estr\u00e9s para tu aventura en altamar. \u00a1Rel\u00e1jate con estilo antes de zarpar!\n\t\t\t<h3>\ud83c\udfe8 Traslados del Hotel a Port Canaveral<\/h3>\t\t\t\n\t\t\t\t\u00bfTe hospedas en Orlando antes de tu crucero? Podemos coordinar f\u00e1cilmente traslados privados desde tu hotel hasta Port Canaveral, asegurando que llegues a tiempo para tu registro.\n\t\t\t\t\t\t\t\t\t<img loading=\"lazy\" decoding=\"async\" src=\"https:\/\/laughandgear.com\/wp-content\/uploads\/2025\/02\/RJC_9182.jpg\" alt=\"Royal Caribbean cruise ship docked at Port Canaveral with the port facilities and open water in the background, captured from the Disney Wish as it departs through the channel.\" itemprop=\"image\" height=\"1365\" width=\"2048\" srcset=\"https:\/\/laughandgear.com\/wp-content\/uploads\/2025\/02\/RJC_9182.jpg 2048w, https:\/\/laughandgear.com\/wp-content\/uploads\/2025\/02\/RJC_9182-300x200.jpg 300w, https:\/\/laughandgear.com\/wp-content\/uploads\/2025\/02\/RJC_9182-1024x683.jpg 1024w, https:\/\/laughandgear.com\/wp-content\/uploads\/2025\/02\/RJC_9182-768x512.jpg 768w, https:\/\/laughandgear.com\/wp-content\/uploads\/2025\/02\/RJC_9182-1536x1024.jpg 1536w, https:\/\/laughandgear.com\/wp-content\/uploads\/2025\/02\/RJC_9182-600x400.jpg 600w\" sizes=\"auto, (max-width: 2048px) 100vw, 2048px\" title=\"Royal Caribbean Cruise at Port Canaveral - View from the Disney Wish\" onerror=\"this.style.display='none'\"  \/>\n\t\t\t<h3>Verifica el Precio de Tu Ruta<\/h3>\t\t\t\n  <h3>Obt\u00e9n un Estimado de la Ruta<\/h3>\n  <p>\u00bfTienes curiosidad sobre cu\u00e1nto costar\u00e1 tu transporte de lujo? \u00a1Es f\u00e1cil!<\/p>\n  <ol>\n    <li>Selecciona tu punto de recogida.<\/li>\n    <li>Elige un destino v\u00e1lido.<\/li>\n    <li>Selecciona el tipo de veh\u00edculo.<\/li>\n    <li>Haz clic en \u00abVer Precio\u00bb para ver la tarifa.<\/li>\n  <\/ol>\n  <label for=\"from\">Desde:<\/label>\n  <select id=\"from\" onchange=\"updateToOptions()\">\n    <option value=\"\">Selecciona el lugar de salida<\/option>\n    <option value=\"MCO\">Aeropuerto MCO<\/option>\n    <option value=\"WDW RESORT\">Resort de Walt Disney World<\/option>\n    <option value=\"UNIVERSAL RESORT\">Resort de Universal<\/option>\n    <option value=\"ANOTHER UNIVERSAL RESORT\">Otro Hotel en Universal<\/option>\n    <option value=\"DOWNTOWN \/ WINTER PARK\">Downtown \/ Winter Park<\/option>\n    <option value=\"COCOA BEACH \/ CAPE CANAV.\">Cocoa Beach \/ Cabo Ca\u00f1averal<\/option>\n    <option value=\"PORT CANAVERAL\">Port Canaveral<\/option>\n  <\/select>\n  <label for=\"to\">Hacia:<\/label>\n  <select id=\"to\">\n    <option value=\"\">Selecciona el destino<\/option>\n  <\/select>\n  <label for=\"vehicle\">Tipo de Veh\u00edculo:<\/label>\n  <select id=\"vehicle\">\n    <option value=\"\">Selecciona el veh\u00edculo<\/option>\n    <option value=\"sedan\">Sed\u00e1n<\/option>\n    <option value=\"xl\">XL<\/option>\n    <option value=\"suv\">SUV<\/option>\n    <option value=\"luxury\">Lujo<\/option>\n  <\/select>\n  <button onclick=\"getRate()\">Ver Precio<\/button>\n\t\t\t\t<p>Si no ves tu ruta en la lista, no dudes en <a href=\"#cta\">contactarnos<\/a> para una cotizaci\u00f3n personalizada.<\/p>\n<h2>\n\t\t\ud83d\udecd\ufe0f Experiencia VIP de Compras &#8211; \u00a1Sin Estr\u00e9s y con Estilo!\n\t<\/h2>\n\t<p>\u00bfBuscas la experiencia de compras definitiva?<\/p>\n<p><strong>Reserva un servicio VIP de compras de lujo<\/strong> que te lleva a los <strong>mejores outlets y centros comerciales de la ciudad<\/strong> con <strong>transporte sin complicaciones<\/strong>.<\/p>\n<p>Disfruta de un d\u00eda relajado de compras mientras te <strong>cargan las bolsas y te esperan el tiempo que necesites<\/strong>-compra a tu ritmo y <strong>sin estr\u00e9s alguno<\/strong>. \ud83d\udc8e\u2728<\/p>\n\t\t\t<a href=\"#cta\" title=\"Haz clic aqu\u00ed\" target=\"_self\"   role=\"button\" aria-label=\"\ud83d\udecd\ufe0f \u00a1Reserva Tu D\u00eda de Compras VIP!\">\n\t\t\t\t\t\t\t\ud83d\udecd\ufe0f \u00a1Reserva Tu D\u00eda de Compras VIP!\n\t\t<\/a>\n\t\t\t\t\t\t\t\t\t<img loading=\"lazy\" decoding=\"async\" src=\"https:\/\/laughandgear.com\/wp-content\/uploads\/2025\/02\/gem-disneyriviera.jpg\" alt=\"A black SUV from GEM Luxury Services parked at Disney's Riviera Resort, offering premium transportation services.\" itemprop=\"image\" height=\"2048\" width=\"1638\" srcset=\"https:\/\/laughandgear.com\/wp-content\/uploads\/2025\/02\/gem-disneyriviera.jpg 1638w, https:\/\/laughandgear.com\/wp-content\/uploads\/2025\/02\/gem-disneyriviera-240x300.jpg 240w, https:\/\/laughandgear.com\/wp-content\/uploads\/2025\/02\/gem-disneyriviera-819x1024.jpg 819w, https:\/\/laughandgear.com\/wp-content\/uploads\/2025\/02\/gem-disneyriviera-768x960.jpg 768w, https:\/\/laughandgear.com\/wp-content\/uploads\/2025\/02\/gem-disneyriviera-1229x1536.jpg 1229w, https:\/\/laughandgear.com\/wp-content\/uploads\/2025\/02\/gem-disneyriviera-600x750.jpg 600w\" sizes=\"auto, (max-width: 1638px) 100vw, 1638px\" title=\"GEM Luxury Services at Disney's Riviera Resort - VIP Transportation\" onerror=\"this.style.display='none'\"  \/>\n\t\t\t<h2>Preguntas Frecuentes (FAQ)<\/h2>\t\t\t\n\t\t\t\tUna Alianza Premium entre Laugh &amp; Gear y GEM Luxury Services\n\t\t\t<h3>Informaci\u00f3n General<\/h3>\t\t\t\n\t\t\t\t\t\t\t\t\t\t<h4 tabindex=\"0\">\u00bfQui\u00e9n ofrece los servicios de transporte?<\/h4>\n\t\t\t\t\t<p>Todos los servicios de transporte son ofrecidos por nuestro socio de confianza, <strong>GEM Luxury Services<\/strong>, un proveedor premier de traslados de lujo en Orlando y Port Canaveral. Laugh &amp; Gear colabora con ellos para asegurarse de que recibas el servicio de m\u00e1s alta calidad.<\/p>\n\t\t\t\t\t\t\t\t\t\t<h4 tabindex=\"0\">\u00bfQu\u00e9 tipos de servicios de transporte est\u00e1n disponibles?<\/h4>\n\t\t\t\t\t<p>GEM Luxury Services ofrece:<\/p>\n<ul>\n<li><strong>Traslados del Hotel al Aeropuerto<\/strong> &#8211; Viajes c\u00f3modos y confiables hacia el Aeropuerto Internacional de Orlando (MCO) y otros aeropuertos cercanos.<\/li>\n<li><strong>Traslados del Aeropuerto al Hotel<\/strong> &#8211; Recogida sin estr\u00e9s desde el aeropuerto hasta tu hotel en Orlando y alrededores.<\/li>\n<li><strong>Traslados del Aeropuerto a Port Canaveral<\/strong> &#8211; Transporte conveniente para quienes van de crucero desde Port Canaveral.<\/li>\n<li><strong>Traslados del Hotel a Port Canaveral<\/strong> &#8211; Transporte directo para quienes se hospedan en Orlando antes de su crucero.<\/li>\n<li><strong>Traslados VIP para Compras<\/strong> &#8211; Una experiencia premium para comprar en los mejores outlets y centros comerciales de Orlando.<\/li>\n<\/ul>\n\t\t\t\t\t\t\t\t\t\t<h4 tabindex=\"0\">\u00bfQu\u00e9 tipos de veh\u00edculos est\u00e1n disponibles y cu\u00e1ntos pasajeros pueden acomodar?<\/h4>\n\t\t\t\t\t<p>Nuestra flota incluye:<\/p>\n<ul>\n<li><strong>Sed\u00e1n<\/strong> &#8211; Capacidad para hasta <strong>3 pasajeros<\/strong><\/li>\n<li><strong>XL (Minivan)<\/strong> &#8211; Capacidad para hasta <strong>6 pasajeros<\/strong><\/li>\n<li><strong>SUV<\/strong> &#8211; Capacidad para hasta <strong>6 pasajeros<\/strong><\/li>\n<li><strong>SUVs de Lujo<\/strong> &#8211; Capacidad para <strong>6-7 pasajeros<\/strong>, veh\u00edculos negros premium con <strong>servicio de recibimiento personalizado<\/strong><\/li>\n<li><strong>Van Sprinter<\/strong> &#8211; Capacidad para hasta <strong>14 pasajeros<\/strong><\/li>\n<\/ul>\n\t\t\t\t\t\t\t\t\t\t<h4 tabindex=\"0\">\u00bfGem Luxury Services opera directamente todos los veh\u00edculos?<\/h4>\n\t\t\t\t\t<p>Si bien Gem Luxury Services opera varios veh\u00edculos directamente, tambi\u00e9n cuenta con <strong>alianzas con otros conductores y compa\u00f1\u00edas<\/strong>. Para <strong>grupos m\u00e1s grandes<\/strong>, podr\u00edamos subcontratar para asegurarnos de cumplir con tus necesidades.<\/p>\n\t\t\t\t\t\t\t\t\t\t<h4 tabindex=\"0\">\u00bfHay asientos de seguridad disponibles para ni\u00f1os?<\/h4>\n\t\t\t\t\t<p><strong>S\u00ed,<\/strong> los asientos de seguridad se ofrecen sin costo adicional si se solicitan.<\/p>\n\t\t\t<h3>Reservas y Reservaciones<\/h3>\t\t\t\n\t\t\t\t\t\t\t\t\t\t<h4 tabindex=\"0\">\u00bfC\u00f3mo reservo un transporte?<\/h4>\n\t\t\t\t\t<p>Puedes <strong>reservar directamente<\/strong> con <strong><a href=\"https:\/\/gemluxuryservices.com\/\" target=\"_new\" rel=\"noopener\">GEM Luxury Services<\/a><\/strong> visitando su sitio web y mencionando que <strong>Laugh &amp; Gear<\/strong> te refiri\u00f3. Tambi\u00e9n puedes llenar el <strong><a href=\"#cta\">formulario de solicitud de transporte<\/a><\/strong> en el sitio web de <strong>Laugh &amp; Gear<\/strong>, lo cual nos apoya a trav\u00e9s de una comisi\u00f3n por referido-\u00a1sin costo adicional para ti!<\/p>\n<p><strong>\ud83d\udd39 Divulgaci\u00f3n:<\/strong> Laugh &amp; Gear recibe una comisi\u00f3n por los referidos hechos a trav\u00e9s de nuestro sitio. Esto <strong>no<\/strong> afecta el costo de tu transporte-\u00a1el precio se mantiene igual! Tu reserva nos ayuda a seguir ofreci\u00e9ndote recursos y recomendaciones \u00fatiles para tus viajes. \ud83d\ude97\u2728<\/p>\n\t\t\t\t\t\t\t\t\t\t<h4 tabindex=\"0\">\u00bfNecesito reservar con anticipaci\u00f3n?<\/h4>\n\t\t\t\t\t<p>S\u00ed, recomendamos hacer la reserva con anticipaci\u00f3n para asegurar disponibilidad, especialmente durante temporadas altas de viaje.<\/p>\n\t\t\t\t\t\t\t\t\t\t<h4 tabindex=\"0\">\u00bfPuedo reservar un transporte para mis vacaciones en Disney?<\/h4>\n\t\t\t\t\t<p>\u00a1Por supuesto! Ya sea que vayas a Walt Disney World, a un resort Disney o a Port Canaveral para un crucero Disney, <strong>GEM Luxury Services<\/strong> te garantiza una experiencia c\u00f3moda y sin complicaciones.<\/p>\n\t\t\t\t\t\t\t\t\t\t<h4 tabindex=\"0\">\u00bfQu\u00e9 informaci\u00f3n debo proveer al hacer la reserva?<\/h4>\n\t\t\t\t\t<p>Para asegurar tu transporte, por favor ten lista la siguiente informaci\u00f3n:<\/p>\n<ul>\n<li><strong>Nombre completo<\/strong><\/li>\n<li><strong>Email y n\u00famero de tel\u00e9fono<\/strong><\/li>\n<li><strong>Lugar de recogida y destino<\/strong><\/li>\n<li><strong>Fecha y hora del servicio<\/strong><\/li>\n<li><strong>Cantidad de pasajeros<\/strong><\/li>\n<li><strong>Solicitud de asiento de seguridad (si aplica)<\/strong><\/li>\n<\/ul>\n\t\t\t\t\t\t\t\t\t\t<h4 tabindex=\"0\">\u00bfCu\u00e1nto tiempo de espera est\u00e1 incluido en el aeropuerto o puerto?<\/h4>\n\t\t\t\t\t<p><strong>Recogidas en el aeropuerto:<\/strong> Se incluye <strong>1 hora de espera<\/strong> sin costo adicional.<\/p>\n<p><strong>Recogidas en Port Canaveral:<\/strong> Se incluye <strong>30 minutos de espera<\/strong>.<\/p>\n\t\t\t\t\t\t\t\t\t\t<h4 tabindex=\"0\">\u00bfQu\u00e9 pasa si necesito m\u00e1s tiempo de espera?<\/h4>\n\t\t\t\t\t<p>Si se excede el tiempo de espera incluido, se aplicar\u00e1 un cargo adicional de <strong>$60 por hora<\/strong>.<\/p>\n\t\t\t<h3>Precios y Pago<\/h3>\t\t\t\n\t\t\t\t\t\t\t\t\t\t<h4 tabindex=\"0\">\u00bfCu\u00e1nto cuesta el servicio?<\/h4>\n\t\t\t\t\t<p>El precio depende de tu lugar de recogida y destino, el tipo de veh\u00edculo y cualquier solicitud adicional. Puedes solicitar una cotizaci\u00f3n directamente.<\/p>\n\t\t\t\t\t\t\t\t\t\t<h4 tabindex=\"0\">\u00bfQu\u00e9 m\u00e9todos de pago se aceptan?<\/h4>\n\t\t\t\t\t<p>GEM Luxury Services acepta tarjetas de cr\u00e9dito principales y otros m\u00e9todos de pago seguros. Los pagos se procesan directamente con GEM.<\/p>\n<p>Aceptamos pagos por:<br \/>\u2714 <strong>CashApp<\/strong><br \/>\u2714 <strong>Venmo<\/strong><br \/>\u2714 <strong>PayPal<\/strong><br \/>\u2714 <strong>Zelle<\/strong><br \/>\u2714 <strong>Tarjetas de Cr\u00e9dito<\/strong> (Se aplica un <strong>cargo por procesamiento del 5%<\/strong> a pagos digitales).<\/p>\n\t\t\t\t\t\t\t\t\t\t<h4 tabindex=\"0\">\u00bfHay cargos adicionales?<\/h4>\n\t\t\t\t\t<p>GEM Luxury Services se compromete a construir relaciones a largo plazo con sus clientes ofreciendo <strong>precios transparentes y sin sorpresas ocultas<\/strong>. Aunque pueden aplicarse cargos adicionales por paradas extra, tiempo de espera extendido o solicitudes especiales, todos los costos ser\u00e1n <strong>claramente comunicados desde el momento de la reserva<\/strong>, para que siempre sepas qu\u00e9 esperar.<\/p>\n<p>Para recibir una <strong>cotizaci\u00f3n precisa<\/strong>, te recomendamos compartir la mayor cantidad de detalles posible <a href=\"#cta\">en el formulario de contacto abajo<\/a>. Cuanta m\u00e1s informaci\u00f3n nos brindes, mejor podremos adaptar tu experiencia de transporte a tus necesidades. \ud83d\ude97\u2728<\/p>\n\t\t\t\t\t\t\t\t\t\t<h4 tabindex=\"0\">\u00bfLa propina est\u00e1 incluida en el precio?<\/h4>\n\t\t\t\t\t<p>La propina <strong>no est\u00e1 incluida<\/strong>, pero es <strong>opcional<\/strong>. Puedes darla en <strong>efectivo<\/strong> o a trav\u00e9s de <strong>m\u00e9todos de pago digitales<\/strong>.<\/p>\n\t\t\t\t\t\t\t\t\t\t<h4 tabindex=\"0\">\u00bfGEM Luxury Services ofrece servicios por hora y cu\u00e1les son las tarifas?<\/h4>\n\t\t\t\t\t<p>\u00a1S\u00ed! Nuestro <strong>servicio por hora<\/strong> est\u00e1 disponible a:<\/p>\n<ul>\n<li><strong>$80 por hora<\/strong> con <strong>tiempo de espera ilimitado<\/strong> incluido.<\/li>\n<li><strong>20 millas por hora<\/strong> est\u00e1n incluidas, y se cobra un adicional de <strong>$4 por milla extra<\/strong>.<\/li>\n<li><strong>Ideal para d\u00edas de compras o planes de viaje flexibles<\/strong>.<\/li>\n<\/ul>\n\t\t\t<h3>Servicio y Experiencia<\/h3>\t\t\t\n\t\t\t\t\t\t\t\t\t\t<h4 tabindex=\"0\">\u00bfPor qu\u00e9 deber\u00eda reservar un transporte privado en lugar de usar Uber o Lyft?<\/h4>\n\t\t\t\t\t<p>El transporte privado te ofrece:<br \/>\u2714 <strong>Sin largas esperas<\/strong> por servicios compartidos en el aeropuerto.<br \/>\u2714 <strong>Precio fijo<\/strong> sin tarifas din\u00e1micas.<br \/>\u2714 <strong>Comodidad y espacio<\/strong> para tu equipaje.<br \/>\u2714 <strong>Conductores confiables y seguros<\/strong> en quienes puedes confiar.<br \/>\u2714 <strong>Asistencia con tu equipaje<\/strong> si tarda en salir.<\/p>\n\t\t\t\t\t\t\t\t\t\t<h4 tabindex=\"0\">\u00bfQu\u00e9 tipo de veh\u00edculos est\u00e1n disponibles?<\/h4>\n\t\t\t\t\t<p>GEM Luxury Services ofrece una flota de veh\u00edculos de lujo, que incluye SUVs, vans y transportes privados, garantizando comodidad y conveniencia para todo tipo de viajero.<\/p>\n\t\t\t\t\t\t\t\t\t\t<h4 tabindex=\"0\">\u00bfLos conductores son profesionales y tienen licencia?<\/h4>\n\t\t\t\t\t<p>S\u00ed, todos los conductores est\u00e1n altamente capacitados, tienen licencia y cuentan con experiencia en ofrecer un servicio al cliente de primera calidad.<\/p>\n\t\t\t\t\t\t\t\t\t\t<h4 tabindex=\"0\">\u00bfPuedo llevar equipaje y cochecitos?<\/h4>\n\t\t\t\t\t<p>\u00a1S\u00ed! Todos los veh\u00edculos est\u00e1n equipados para acomodar equipaje, cochecitos y otros art\u00edculos esenciales de viaje. Por favor, menciona tus necesidades al hacer la reserva.<\/p>\n\t\t\t\t\t\t\t\t\t\t<h4 tabindex=\"0\">\u00bfGEM Luxury Services ofrece transporte accesible para sillas de ruedas?<\/h4>\n\t\t\t\t\t<ul>\n<li><strong>Pueden acomodar sillas de ruedas plegables<\/strong>.<\/li>\n<li>Sin embargo, <strong>los veh\u00edculos de GEM no cuentan con elevadores autom\u00e1ticos para sillas de ruedas<\/strong>.<\/li>\n<li>Actualmente, GEM est\u00e1 <strong>explorando mejores opciones<\/strong> para mejorar la accesibilidad.<\/li>\n<\/ul>\n\t\t\t<h3>Cambios y Cancelaciones<\/h3>\t\t\t\n\t\t\t\t\t\t\t\t\t\t<h4 tabindex=\"0\">\u00bfQu\u00e9 pasa si mi vuelo o crucero se retrasa?<\/h4>\n\t\t\t\t\t<p>GEM Luxury Services monitorea los horarios de vuelos y cruceros para ajustar la hora de recogida seg\u00fan sea necesario. Por favor, notif\u00edcales si hay alg\u00fan cambio.<\/p>\n\t\t\t\t\t\t\t\t\t\t<h4 tabindex=\"0\">\u00bfPuedo modificar o cancelar mi reserva?<\/h4>\n\t\t\t\t\t<p>S\u00ed, los cambios y cancelaciones est\u00e1n permitidos seg\u00fan la pol\u00edtica de <strong>GEM Luxury Services<\/strong>. Consulta su sitio web para conocer los t\u00e9rminos de reembolso y cancelaci\u00f3n.<\/p>\n\t\t\t<h3>\u00bfNecesitas m\u00e1s informaci\u00f3n?<\/h3>\t\t\t\n\t\t\t\t<p>Si tienes preguntas adicionales, no dudes en comunicarte con <strong>Laugh &amp; Gear<\/strong> para recibir recomendaciones y asistencia con tus planes de viaje.<\/p>\n\t\t\t\t\t\t\t\t\t<img loading=\"lazy\" decoding=\"async\" src=\"https:\/\/laughandgear.com\/wp-content\/uploads\/2025\/02\/RJC_9387.jpg\" alt=\"GEM Luxury Services vehicle parked at Disney's Polynesian Resort at night, reflecting the resort&#039;s signature colorful lanterns.\" itemprop=\"image\" height=\"1365\" width=\"2048\" srcset=\"https:\/\/laughandgear.com\/wp-content\/uploads\/2025\/02\/RJC_9387.jpg 2048w, https:\/\/laughandgear.com\/wp-content\/uploads\/2025\/02\/RJC_9387-300x200.jpg 300w, https:\/\/laughandgear.com\/wp-content\/uploads\/2025\/02\/RJC_9387-1024x683.jpg 1024w, https:\/\/laughandgear.com\/wp-content\/uploads\/2025\/02\/RJC_9387-768x512.jpg 768w, https:\/\/laughandgear.com\/wp-content\/uploads\/2025\/02\/RJC_9387-1536x1024.jpg 1536w, https:\/\/laughandgear.com\/wp-content\/uploads\/2025\/02\/RJC_9387-600x400.jpg 600w\" sizes=\"auto, (max-width: 2048px) 100vw, 2048px\" title=\"GEM Luxury Services at Disney's Polynesian Resort\" onerror=\"this.style.display='none'\"  \/>\n\t\t\t<h2>GEM LUXURY SERVICES<\/h2><p>Lista de Tarifas 2025<\/p>\t\t\t\n\t\t\t\t<p>Viaja con comodidad y estilo con GEM Luxury Services. Estas tarifas para el 2025 ofrecen precios fijos y transparentes para transporte premium entre los destinos m\u00e1s populares de Florida Central-including Disney, Universal, Port Canaveral y m\u00e1s.<\/p>\n\t<table>\n  <thead>\n    <tr>\n      <th>Desde<\/th>\n      <th>Hacia<\/th>\n      <th>Sed\u00e1n<\/th>\n      <th>XL<\/th>\n      <th>SUV<\/th>\n      <th>Lujo<\/th>\n    <\/tr>\n  <\/thead>\n  <tbody>\n    <tr><td>Aeropuerto MCO<\/td><td>Resort de WDW<\/td><td>$75<\/td><td>$100<\/td><td>$155<\/td><td>$200<\/td><\/tr>\n    <tr><td>Aeropuerto MCO<\/td><td>Resort de Universal<\/td><td>$60<\/td><td>$80<\/td><td>$120<\/td><td>$150<\/td><\/tr>\n    <tr><td>Aeropuerto MCO<\/td><td>Downtown \/ Winter Park<\/td><td>$65<\/td><td>$85<\/td><td>$125<\/td><td>$150<\/td><\/tr>\n    <tr><td>Aeropuerto MCO<\/td><td>Cocoa Beach \/ Cabo Ca\u00f1averal<\/td><td>$125<\/td><td>$185<\/td><td>$220<\/td><td>$250<\/td><\/tr>\n    <tr><td>Aeropuerto MCO<\/td><td>Port Canaveral<\/td><td>$125<\/td><td>$185<\/td><td>$220<\/td><td>$250<\/td><\/tr>\n    <tr><td>Resort de WDW<\/td><td>Resort de Universal<\/td><td>$50<\/td><td>$75<\/td><td>$100<\/td><td>$125<\/td><\/tr>\n    <tr><td>Resort de WDW<\/td><td>Port Canaveral<\/td><td>$185<\/td><td>$240<\/td><td>$280<\/td><td>$330<\/td><\/tr>\n    <tr><td>Resort de Universal<\/td><td>Port Canaveral<\/td><td>$150<\/td><td>$210<\/td><td>$250<\/td><td>$280<\/td><\/tr>\n    <tr><td>Resort de WDW<\/td><td>Cocoa Beach \/ Cabo Ca\u00f1averal<\/td><td>$185<\/td><td>$240<\/td><td>$280<\/td><td>$330<\/td><\/tr>\n    <tr><td>Resort de Universal<\/td><td>Cocoa Beach \/ Cabo Ca\u00f1averal<\/td><td>$150<\/td><td>$210<\/td><td>$250<\/td><td>$280<\/td><\/tr>\n    <tr><td>Resort de WDW<\/td><td>Resort de WDW<\/td><td>$40<\/td><td>$60<\/td><td>$75<\/td><td>$90<\/td><\/tr>\n    <tr><td>Resort de Universal<\/td><td>Resort de Universal<\/td><td>$40<\/td><td>$60<\/td><td>$75<\/td><td>$90<\/td><\/tr>\n    <tr><td>Downtown \/ Winter Park<\/td><td>Resort de WDW<\/td><td>$75<\/td><td>$100<\/td><td>$150<\/td><td>$175<\/td><\/tr>\n    <tr><td>Downtown \/ Winter Park<\/td><td>Resort de Universal<\/td><td>$60<\/td><td>$80<\/td><td>$120<\/td><td>$150<\/td><\/tr>\n  <\/tbody>\n<\/table>\n\n  <strong>Nota:<\/strong> Cualquier otro trayecto o ruta se calcular\u00e1 al momento de la solicitud.\n\n\t\t\t\t<p>Cualquier otro trayecto o ruta se calcular\u00e1 al momento de la solicitud.<\/p>\n\t\t\t<h2>\ud83d\ude97 \u00a1Reserva Tu Transporte de Lujo con Facilidad!<\/h2>\t\t\t\n\t\t\t\t<p>Viaja sin estr\u00e9s con servicios de transporte premium. Ya sea que vayas al aeropuerto, al hotel o est\u00e9s a punto de zarpar desde Port Canaveral, nuestro socio te ofrece traslados c\u00f3modos, seguros y confiables.<\/p>\n<p>\ud83d\udce9 Rellena el formulario abajo, asegura tu transporte hoy mismo y disfruta de un viaje fluido y sin complicaciones.<\/p>\n\n","protected":false},"excerpt":{"rendered":"<p>Viaja sin Estr\u00e9s y con Comodidad Premium Haz tu viaje m\u00e1s f\u00e1cil y sin preocupaciones con servicios de transporte exclusivos. Ya sea que necesites un traslado c\u00f3modo del hotel al aeropuerto o desde el Aeropuerto de Orlando hasta Port Canaveral, estamos aqu\u00ed para ayudarte. Esta es una alianza premium entre Laugh &amp; Gear y GEM&hellip;<\/p>\n","protected":false},"author":2,"featured_media":86094,"parent":0,"menu_order":0,"comment_status":"closed","ping_status":"closed","template":"","meta":{"_seopress_robots_primary_cat":"","_seopress_titles_title":"Servicios de Transporte de Lujo en Orlando | Traslados","_seopress_titles_desc":"Viaja c\u00f3modo con GEM Luxury Services, nuestro socio confiable para traslados privados en Orlando. Disfruta transporte sin estr\u00e9s entre el aeropuerto, hoteles Disney y Port Canaveral. \u00a1Reserva hoy tu viaje sin complicaciones!","_seopress_robots_index":"","footnotes":""},"class_list":["post-86341","page","type-page","status-publish","has-post-thumbnail","hentry"],"_links":{"self":[{"href":"https:\/\/laughandgear.com\/es\/wp-json\/wp\/v2\/pages\/86341","targetHints":{"allow":["GET"]}}],"collection":[{"href":"https:\/\/laughandgear.com\/es\/wp-json\/wp\/v2\/pages"}],"about":[{"href":"https:\/\/laughandgear.com\/es\/wp-json\/wp\/v2\/types\/page"}],"author":[{"embeddable":true,"href":"https:\/\/laughandgear.com\/es\/wp-json\/wp\/v2\/users\/2"}],"replies":[{"embeddable":true,"href":"https:\/\/laughandgear.com\/es\/wp-json\/wp\/v2\/comments?post=86341"}],"version-history":[{"count":0,"href":"https:\/\/laughandgear.com\/es\/wp-json\/wp\/v2\/pages\/86341\/revisions"}],"wp:featuredmedia":[{"embeddable":true,"href":"https:\/\/laughandgear.com\/es\/wp-json\/wp\/v2\/media\/86094"}],"wp:attachment":[{"href":"https:\/\/laughandgear.com\/es\/wp-json\/wp\/v2\/media?parent=86341"}],"curies":[{"name":"wp","href":"https:\/\/api.w.org\/{rel}","templated":true}]}}