{"id":86334,"date":"2025-01-01T15:17:17","date_gmt":"2025-01-01T20:17:17","guid":{"rendered":"https:\/\/laughandgear.com\/shop-exclusive-gear\/"},"modified":"2025-05-11T15:55:06","modified_gmt":"2025-05-11T19:55:06","slug":"mercancia-exclusiva","status":"publish","type":"page","link":"https:\/\/laughandgear.com\/es\/mercancia-exclusiva\/","title":{"rendered":"Mercancia"},"content":{"rendered":"\r\n<h2>\r\n\t\t<a href=\"#personal-shopper\" title=\"Mercancia de Disney y de los Parques tematicos\"  target=\"_self\">\r\n\t\t<h3>Mercancia de Disney y de los<br \/> Parques tematicos<\/h3>\r\n\t\t<\/a>\r\n\t<\/h2>\r\n\t<p>\u00bfTe encanta lo que ves? Nuestra colecci\u00f3n de joyitas Disney agotadas est\u00e1 en rotaci\u00f3n constante.<\/p>\r\n<p><strong>\u2728 \u00bfViste algo que te gusta?<\/strong> Escr\u00edbenos-puede que lo tengamos o sepamos d\u00f3nde conseguirlo.<\/p>\r\n\t\t\t\t<img decoding=\"async\" src=\"https:\/\/images.whatnot.com\/eyJidWNrZXQiOiAid2hhdG5vdC1pbWFnZXMiLCAia2V5IjogImxpc3RpbmdzLzUxMTg1NTU0MS0xLTM1YzI4OTZiLWJmNmUtNGM2NC05YTczLWE1MTBlMGZlM2QwOCIsICJlZGl0cyI6IHsicmVzaXplIjogeyJ3aWR0aCI6IG51bGwsICJoZWlnaHQiOiBudWxsLCAiZml0IjogImNvbnRhaW4iLCAiYmFja2dyb3VuZCI6IHsiciI6IDI1NSwgImciOiAyNTUsICJiIjogMjU1LCAiYWxwaGEiOiAxfX19fQ==?signature=7866417346db6dc024724f817106fe7c5125532e9f0b921b6943eb163a972ecb\" alt=\"\" title=\"\" itemprop=\"image\"\/>\r\n\t\tDisney Parks<h3>Pineapple Swirl Dole Whip Loungefly Mini Backpack &#8211; New &#038; Sealed<\/h3>\t\t\t\r\n\t\t\t\tSavor the sweetness! This Disney Parks Loungefly Mini Backpack features the iconic Pineapple Swirl Dole Whip design. Brand new and factory sealed-perfect for fans and collectors!\r\n\t\t\t<a href=\"https:\/\/www.whatnot.com\/listing\/TGlzdGluZ05vZGU6NTExODU1NTQx\" title=\"Haz clic aqu\u00ed\" target=\"_blank\" rel=\"noopener\"  role=\"button\" aria-label=\"Add to Your Disney Style \ud83c\udf4d\">\r\n\t\t\t\t\t\t\tAdd to Your Disney Style \ud83c\udf4d\r\n\t\t<\/a>\r\n\t\t\t\t<img decoding=\"async\" src=\"https:\/\/laughandgear.com\/wp-content\/uploads\/2025\/03\/427254240837.avif\" alt=\"427254240837\" title=\"427254240837\" itemprop=\"image\"\/>\r\n\t\tDisney Parks<h3>Disney100 Chip &#8216;n Dale Rescue Rangers Loungefly Mini Backpack<\/h3>\t\t\t\r\n\t\t\t\tJoin the Rescue Rangers in style! This Disney Parks Loungefly Mini Backpack celebrates Disney100 with Chip &#8216;n Dale&#8217;s daring team, flying high in a hot-air balloon design. Features wings and a front zip pocket for all your adventuring needs. \u2728\ud83c\udf88\r\n\t\t\t<a href=\"https:\/\/www.whatnot.com\/listing\/TGlzdGluZ05vZGU6NTExOTU0NjMy\" title=\"Haz clic aqu\u00ed\" target=\"_blank\" rel=\"noopener\"  role=\"button\" aria-label=\"  Carry the Rescue Magic \ud83c\udf88\">\r\n\t\t\t\t\t\t\t  Carry the Rescue Magic \ud83c\udf88\r\n\t\t<\/a>\r\n\t\t\t\t<img decoding=\"async\" src=\"https:\/\/images.whatnot.com\/eyJidWNrZXQiOiAid2hhdG5vdC1pbWFnZXMiLCAia2V5IjogImxpc3RpbmdzLzUxMTgyMTUzNS0xLWQ3NDkzOTI0LTUzN2QtNGZkYi04MmU5LTE4NjY5YzY5OTJlNyIsICJlZGl0cyI6IHsicmVzaXplIjogeyJ3aWR0aCI6IG51bGwsICJoZWlnaHQiOiBudWxsLCAiZml0IjogImNvbnRhaW4iLCAiYmFja2dyb3VuZCI6IHsiciI6IDI1NSwgImciOiAyNTUsICJiIjogMjU1LCAiYWxwaGEiOiAxfX19fQ==?signature=fa0b27bcca17cf0f48b058a36aeb370866fad69d386337d2755f52dba555bf15\" alt=\"\" title=\"\" itemprop=\"image\"\/>\r\n\t\tDisney Parks<h3>Disney Eats Lollipop Loungefly Mini Backpack<\/h3>\t\t\t\r\n\t\t\t\tAdd a pop of sweetness to your style! \ud83c\udf89 This Disney Parks Loungefly Mini Backpack features the playful Disney Eats Lollipop Collection design. Brand new with tags and ready for your next magical adventure. \ud83c\udf6d\u2728\r\n\t\t\t<a href=\"https:\/\/www.whatnot.com\/listing\/TGlzdGluZ05vZGU6NTExODIxNTM1\" title=\"Haz clic aqu\u00ed\" target=\"_blank\" rel=\"noopener\"  role=\"button\" aria-label=\"Add Magic to Your Look \ud83c\udf6d\">\r\n\t\t\t\t\t\t\tAdd Magic to Your Look \ud83c\udf6d\r\n\t\t<\/a>\r\n\t\t\t\t\t\t\t\t\t<img loading=\"lazy\" decoding=\"async\" src=\"https:\/\/laughandgear.com\/wp-content\/uploads\/2025\/02\/RJC_1478.jpg\" alt=\"Chip and Dale statue at Magic Kingdom with Cinderella Castle in the background.\" itemprop=\"image\" height=\"2048\" width=\"1638\" srcset=\"https:\/\/laughandgear.com\/wp-content\/uploads\/2025\/02\/RJC_1478.jpg 1638w, https:\/\/laughandgear.com\/wp-content\/uploads\/2025\/02\/RJC_1478-240x300.jpg 240w, https:\/\/laughandgear.com\/wp-content\/uploads\/2025\/02\/RJC_1478-819x1024.jpg 819w, https:\/\/laughandgear.com\/wp-content\/uploads\/2025\/02\/RJC_1478-768x960.jpg 768w, https:\/\/laughandgear.com\/wp-content\/uploads\/2025\/02\/RJC_1478-1229x1536.jpg 1229w, https:\/\/laughandgear.com\/wp-content\/uploads\/2025\/02\/RJC_1478-600x750.jpg 600w\" sizes=\"auto, (max-width: 1638px) 100vw, 1638px\" title=\"Chip and Dale Statue at Magic Kingdom - A Playful Pair in Front of Cinderella Castle\" onerror=\"this.style.display='none'\"  \/>\r\n\t\t\t<h2>\ud83d\udcac Mira Lo Que Dicen Nuestros Compradores<\/h2>\t\t\t\r\n\t\t\t\t<p><strong>Comentarios reales de nuestros incre\u00edbles clientes en Whatnot.<\/strong><\/p>\r\n<p>Descubre por qu\u00e9 las familias y los coleccionistas aman comprar con Laugh &amp; Gear &#8211; desde sorpresas m\u00e1gicas hasta un servicio de primera.<\/p>\r\n\u00a0\r\n\t\t\t<a href=\"https:\/\/www.whatnot.com\/user\/laughandgear\/reviews\" title=\"Haz clic aqu\u00ed\" target=\"_blank\" rel=\"noopener\"  role=\"button\" aria-label=\"\ud83d\udd0d Mira Lo Que Dicen\">\r\n\t\t\t\t\t\t\t\ud83d\udd0d Mira Lo Que Dicen\r\n\t\t<\/a>\r\n<h2>\r\n\t\t<a href=\"https:\/\/whatnot.com\/invite\/laughandgear\" title=\"\ud83c\udf89 \u00a1Consigue Cr\u00e9ditos Gratis en Whatnot!\"  target=\"_blank\"  rel=\"noopener\">\r\n\t\t\ud83c\udf89 \u00a1Consigue Cr\u00e9ditos Gratis en Whatnot!\r\n\t\t<\/a>\r\n\t<\/h2>\r\n\t<p><strong>\u00danete a nosotros en Whatnot y gana cr\u00e9ditos para comprar.<\/strong><\/p>\r\n<p>Reg\u00edstrate usando nuestro enlace y recibe un cr\u00e9dito para tu primera compra. No solo vas a poder comprar nuestros tesoros Disney exclusivos, sino que tambi\u00e9n apoyas nuestro peque\u00f1o negocio con cada orden. \u00a1No te lo pierdas-empieza a comprar y ahorrar desde hoy! \u2728<\/p>\r\n\t\t\t<a href=\"https:\/\/whatnot.com\/invite\/laughandgear\" title=\"Haz clic aqu\u00ed\" target=\"_blank\" rel=\"noopener\"  role=\"button\" aria-label=\" Reg\u00edstrate en Whatnot \ud83d\udecd\ufe0f\">\r\n\t\t\t\t\t\t\t Reg\u00edstrate en Whatnot \ud83d\udecd\ufe0f\r\n\t\t<\/a>\r\n\t\t\t<h3>\ud83d\udd0d \u00a1Encuentra Hoy Tu Coleccionable Disney So\u00f1ado!<\/h3>\t\t\t\r\n\t\t\t\t<p>\u00bfBuscas ese <strong>coleccionable Disney perfecto, mercanc\u00eda exclusiva de los parques o un art\u00edculo dif\u00edcil de conseguir?<\/strong> \u00a1D\u00e9janos buscarlo por ti! \ud83c\udf81<\/p>\r\n<p>Cu\u00e9ntanos qu\u00e9 est\u00e1s buscando y te ayudamos a conseguirlo-ya sea una Loungefly de edici\u00f3n limitada, recuerdos exclusivos de los parques o lo m\u00e1s nuevo de Disney. \u00a1Tu lista de deseos Disney, entregada! \ud83c\udf1f<\/p>\r\n<p><strong>\ud83d\udce9 Rellena el formulario aqu\u00ed abajo y vamos a encontrar esa magia que llevas tiempo buscando.<\/strong><\/p>\r\n\r\n","protected":false},"excerpt":{"rendered":"<p>Mercancia de Disney y de los Parques tematicos \u00bfTe encanta lo que ves? Nuestra colecci\u00f3n de joyitas Disney agotadas est\u00e1 en rotaci\u00f3n constante. \u2728 \u00bfViste algo que te gusta? Escr\u00edbenos-puede que lo tengamos o sepamos d\u00f3nde conseguirlo. Disney Parks Pineapple Swirl Dole Whip Loungefly Mini Backpack &#8211; New &#038; Sealed Savor the sweetness! This Disney&hellip;<\/p>\n","protected":false},"author":2,"featured_media":0,"parent":0,"menu_order":0,"comment_status":"closed","ping_status":"closed","template":"","meta":{"_seopress_robots_primary_cat":"","_seopress_titles_title":"Compra Art\u00edculos Exclusivos de Parques Tem\u00e1ticos","_seopress_titles_desc":"Descubre mercanc\u00eda aut\u00e9ntica inspirada en Disney, Pixar y parques tem\u00e1ticos. Compra productos exclusivos, ediciones limitadas y esenciales para cada aventura.","_seopress_robots_index":"","footnotes":""},"class_list":["post-86334","page","type-page","status-publish","hentry"],"_links":{"self":[{"href":"https:\/\/laughandgear.com\/es\/wp-json\/wp\/v2\/pages\/86334","targetHints":{"allow":["GET"]}}],"collection":[{"href":"https:\/\/laughandgear.com\/es\/wp-json\/wp\/v2\/pages"}],"about":[{"href":"https:\/\/laughandgear.com\/es\/wp-json\/wp\/v2\/types\/page"}],"author":[{"embeddable":true,"href":"https:\/\/laughandgear.com\/es\/wp-json\/wp\/v2\/users\/2"}],"replies":[{"embeddable":true,"href":"https:\/\/laughandgear.com\/es\/wp-json\/wp\/v2\/comments?post=86334"}],"version-history":[{"count":0,"href":"https:\/\/laughandgear.com\/es\/wp-json\/wp\/v2\/pages\/86334\/revisions"}],"wp:attachment":[{"href":"https:\/\/laughandgear.com\/es\/wp-json\/wp\/v2\/media?parent=86334"}],"curies":[{"name":"wp","href":"https:\/\/api.w.org\/{rel}","templated":true}]}}