{"id":1000262,"date":"2025-08-25T16:18:08","date_gmt":"2025-08-25T20:18:08","guid":{"rendered":"https:\/\/laughandgear.com\/?page_id=1000262"},"modified":"2026-04-03T20:01:43","modified_gmt":"2026-04-04T00:01:43","slug":"calculadora-ventana-lightning-lane-disney-world","status":"publish","type":"page","link":"https:\/\/laughandgear.com\/es\/calculadora-ventana-lightning-lane-disney-world\/","title":{"rendered":"Calculadora de Ventana de Reservas de Lightning Lane en Disney World"},"content":{"rendered":"\r\n<h2>\r\n\t\t<a href=\"#calculator\" title=\"\u00bfQuieres saber cu\u00e1ndo puedes empezar a reservar tus Lightning Lane en Disney World?\"  target=\"_self\">\r\n\t\t\t\u00bfQuieres saber cu\u00e1ndo puedes empezar a reservar tus Lightning Lane en Disney World?\t\t<\/a>\r\n\t<\/h2>\r\n\t<p>Desc\u00fabrelo en segundos con nuestra <strong>calculadora gratuita de ventana de reservas Lightning Lane<\/strong>.<\/p>\r\n\t\r\n\t<!-- Laugh & Gear - Calculadora de Ventana Lightning Lane (Standalone) -->\r\n<link rel=\"stylesheet\" href=\"lightning-lane.css\" \/>\r\n<section aria-labelledby=\"llg-title\">\r\n  <h2 id=\"llg-title\">Ventana de Reservas Lightning Lane<\/h2>\r\n  \r\n    Descubre exactamente cu\u00e1ndo puedes empezar a reservar tus Lightning Lane &#8211;\r\n    con o sin estad\u00eda en un hotel de Walt Disney World Resort.\r\n  \r\n  <form id=\"llg-form\" aria-describedby=\"llg-intro\">\r\n    <!-- Resort toggle -->\r\n    <fieldset id=\"hotelToggle\">\r\n      <legend>\u00bfTe hospedar\u00e1s en un hotel de Walt Disney World Resort?<\/legend>\r\n      <label>\r\n        <input type=\"checkbox\" id=\"isOnsite\" checked aria-controls=\"onsiteGroup offsiteGroup\" \/>\r\n        S\u00ed &#8211; me estoy quedando en un hotel de Walt Disney World Resort\r\n      <\/label>\r\n        Los hu\u00e9spedes de hotel pueden reservar 7 d\u00edas antes del check-in por la duraci\u00f3n de la estad\u00eda (hasta 14 d\u00edas) a las 7:00 AM (hora del Este).\r\n        Si no te hospedas en un hotel Disney, cada d\u00eda de parque abre 3 d\u00edas antes a las 7:00 AM (hora del Este).\r\n    <\/fieldset>\r\n    <!-- Resort (onsite) fields -->\r\n        <label for=\"checkin\">Fecha de Check-in en el Hotel<\/label>\r\n        <input type=\"date\" id=\"checkin\" aria-describedby=\"checkinHelp\" \/>\r\n          Tu ventana Lightning Lane abre 7 d\u00edas antes de esta fecha a las 7:00 AM (hora del Este).\r\n        <label for=\"nights\">Noches (m\u00e1x. 14)<\/label>\r\n        <input type=\"number\" id=\"nights\" min=\"1\" max=\"14\" value=\"7\" aria-describedby=\"nightsHelp\" \/>\r\n          Los hu\u00e9spedes de hotel pueden reservar para toda la estad\u00eda (hasta 14 d\u00edas).\r\n    <!-- Off-site fields -->\r\n        <label for=\"parkDate\">Fecha de Parque (fuera del hotel)<\/label>\r\n        <input type=\"date\" id=\"parkDate\" disabled aria-describedby=\"parkHelp\" \/>\r\n          Las reservas fuera del hotel abren 3 d\u00edas antes de cada fecha de parque a las 7:00 AM (hora del Este).\r\n        <label for=\"daysCount\">N\u00famero de D\u00edas de Parque<\/label>\r\n        <input type=\"number\" id=\"daysCount\" min=\"1\" max=\"10\" value=\"1\" disabled aria-describedby=\"daysHelp\" \/>\r\n          Opcional: marca m\u00faltiples d\u00edas de parque corridos.\r\n    <!-- Actions -->\r\n      <button type=\"button\" id=\"calculateLL\" aria-controls=\"ll-results\">Calcular<\/button>\r\n      <button type=\"button\" id=\"resetLL\">Reiniciar<\/button>\r\n  <\/form>\r\n  <!-- Results -->\r\n    <h3>Resultados<\/h3>\r\n    <!-- Resort result -->\r\n      <h4>Ventana para Hu\u00e9spedes de Hotel<\/h4>\r\n      <p><strong>Abre:<\/strong> <\/p>\r\n      <p><strong>Fechas de Estad\u00eda Reservables:<\/strong> <\/p>\r\n      \r\n        Puedes hacer selecciones para toda la estad\u00eda (hasta 14 d\u00edas) a partir de la fecha de apertura indicada.\r\n      \r\n    <!-- Off-site result -->\r\n      <h4>Ventana para No Hu\u00e9spedes de Hotel<\/h4>\r\n      <p>Cada d\u00eda de parque abre 3 d\u00edas antes a las <strong>7:00 AM (hora del Este)<\/strong>.<\/p>\r\n    <!-- CTA: appears only after Calculate -->\r\n      <h4>\u00bfNecesitas ayuda planificando tu viaje a Disney World?<\/h4>\r\n      <p>Olv\u00eddate del estr\u00e9s &#8211; deja que te ayudemos a reservar y planear tus vacaciones para que solo te dediques a disfrutar la magia.<\/p>\r\n      <a href=\"https:\/\/laughandgear.com\/es\/reservar-paquetes-de-viaje-disney-world\/#book-now\">\r\n        \u2728 Ay\u00fadame a Reservar Mi Vacaci\u00f3n en Disney\r\n      <\/a>\r\n<\/section>\r\n  \u26a0\ufe0f Ojo:\r\n  \r\n    Disney puede cambiar las reglas e inventario de Lightning Lane en cualquier momento. \r\n    Siempre confirma los detalles en la \r\n    <a href=\"https:\/\/disneyworld.disney.go.com\/guest-services\/my-disney-experience\/mobile-apps\/\" target=\"_blank\" rel=\"noopener\">\r\n      aplicaci\u00f3n My Disney Experience\r\n    <\/a>.\r\n  \r\n\t\t\t<a href=\"https:\/\/www.youtube.com\/@Laughandgear?sub_confirmation=1\" title=\"Suscr\u00edbete en YouTube\" target=\"_blank\" rel=\"noopener\"  role=\"button\" aria-label=\"Suscr\u00edbete en YouTube\">\r\n\t\t\t\t\t\t\tSuscr\u00edbete en YouTube\r\n\t\t<\/a>\r\n\t\t\t<h2>C\u00f3mo funciona la ventana de reservaci\u00f3n de Lightning Lane<\/h2><h3>Para Hu\u00e9spedes de Disney Resort<\/h3>\t\t\t\r\n\t\t\t\t<ul>\r\n<li>Las reservaciones abren <strong>7 d\u00edas antes del check-in<\/strong> a las 7:00 AM hora del Este.<\/li>\r\n<li>Puedes reservar Lightning Lane Multi Pass y Single Pass para toda tu estad\u00eda (<strong>hasta 14 d\u00edas<\/strong>).<\/li>\r\n<li>Aplica a hoteles Disney Resort, Swan, Dolphin, Swan Reserve y Shades of Green.<\/li>\r\n<\/ul>\r\n\t\t\t<h3>Para Hu\u00e9spedes Fuera de Disney<\/h3>\t\t\t\r\n\t\t\t\t<ul>\r\n<li>Las reservaciones abren <strong>3 d\u00edas antes de cada visita al parque<\/strong> a las 7:00 AM hora del Este.<\/li>\r\n<li>Las reservaciones se hacen <strong>d\u00eda por d\u00eda<\/strong> para cada visita al parque.<\/li>\r\n<li>Los Annual Passholders sin estad\u00eda en hotel Disney tambi\u00e9n siguen esta regla de 3 d\u00edas.<\/li>\r\n<\/ul>\r\n\t<strong>Consejo para visitantes de Puerto Rico \ud83c\uddf5\ud83c\uddf7:<\/strong><br \/>\r\nDurante el horario de verano, Puerto Rico y la hora del Este son iguales. En los meses de invierno, a\u00f1ade +1 hora para convertir.\r\n\t\t\t<h2>\u00bfCu\u00e1les Lightning Lanes se llenan m\u00e1s r\u00e1pido?<\/h2><h3>Para Hu\u00e9spedes de Disney Resort<\/h3>\t\t\t\r\n\t\t\t\t<section id=\"strategy\" aria-labelledby=\"strategy-heading\">\r\n<p>No todos los rides son iguales. Cuando se abra tu <strong>ventana de reservaci\u00f3n de Lightning Lane<\/strong>, dale prioridad primero a las siguientes atracciones:<\/p>\r\n<ul>\r\n<li><strong>Magic Kingdom:<\/strong> Tiana&#8217;s Bayou Adventure, TRON Lightcycle \/ Run, Seven Dwarfs Mine Train<\/li>\r\n<li><strong>Hollywood Studios:<\/strong> Slinky Dog Dash, Star Wars: Rise of the Resistance<\/li>\r\n<li><strong>EPCOT:<\/strong> Guardians of the Galaxy: Cosmic Rewind, Frozen Ever After<\/li>\r\n<li><strong>Animal Kingdom:<\/strong> Avatar Flight of Passage, Kilimanjaro Safaris<\/li>\r\n<\/ul>\r\n<p>Reserva primero los d\u00edas de Magic Kingdom y Hollywood Studios porque se llenan m\u00e1s r\u00e1pido, luego EPCOT y Animal Kingdom.<\/p>\r\n<\/section>\r\n\t\t\t<h2>Pro Tips para la Ma\u00f1ana de tu Reserva<\/h2>\t\t\t\r\n\t\t\t\t<section id=\"tips\" aria-labelledby=\"tips-heading\">\r\n<ul>\r\n<li>Actualiza tu aplicaci\u00f3n <strong>My Disney Experience<\/strong> antes del d\u00eda de reservar.<\/li>\r\n<li>Confirma tu grupo de viaje en <em>Family &amp; Friends<\/em> para que todos est\u00e9n conectados.<\/li>\r\n<li>Con\u00e9ctate y est\u00e1 listo para las <strong>6:55 AM hora del Este<\/strong>.<\/li>\r\n<li>Ten una lista de respaldo &#8211; si tu primera opci\u00f3n no est\u00e1 disponible, selecciona la pr\u00f3xima prioridad.<\/li>\r\n<li>Recuerda: despu\u00e9s de usar un Multi Pass, puedes a\u00f1adir otro inmediatamente.<\/li>\r\n<\/ul>\r\n<\/section>\r\n\t\t\t\t\t\t\t\t\t<img loading=\"lazy\" decoding=\"async\" src=\"https:\/\/laughandgear.com\/wp-content\/uploads\/2025\/08\/cinderella-castle-daytime-magic-kingdom.jpg\" alt=\"Cinderella Castle at Magic Kingdom with gardens and topiary in the foreground on a sunny day.\" itemprop=\"image\" height=\"2048\" width=\"1638\" srcset=\"https:\/\/laughandgear.com\/wp-content\/uploads\/2025\/08\/cinderella-castle-daytime-magic-kingdom.jpg 1638w, https:\/\/laughandgear.com\/wp-content\/uploads\/2025\/08\/cinderella-castle-daytime-magic-kingdom-240x300.jpg 240w, https:\/\/laughandgear.com\/wp-content\/uploads\/2025\/08\/cinderella-castle-daytime-magic-kingdom-819x1024.jpg 819w, https:\/\/laughandgear.com\/wp-content\/uploads\/2025\/08\/cinderella-castle-daytime-magic-kingdom-768x960.jpg 768w, https:\/\/laughandgear.com\/wp-content\/uploads\/2025\/08\/cinderella-castle-daytime-magic-kingdom-1229x1536.jpg 1229w\" sizes=\"auto, (max-width: 1638px) 100vw, 1638px\" title=\"Cinderella Castle at Magic Kingdom\" onerror=\"this.style.display='none'\"  \/>\r\n\t\t\t<h3>\u00bfPor qu\u00e9 usar la Calculadora de Lightning Lane Booking Window?<\/h3>\t\t\t\r\n\t\t\t\t<ul>\r\n<li><strong>Ahorra tiempo:<\/strong> Se acab\u00f3 el adivinar &#8211; mira las fechas exactas que necesitas para reservar.<\/li>\r\n<li><strong>Planifica mejor:<\/strong> Ajusta tu itinerario de vacaciones seg\u00fan la disponibilidad de Lightning Lane.<\/li>\r\n<li><strong>Gu\u00eda biling\u00fce:<\/strong> Perfecta para familias de Puerto Rico y de Estados Unidos continental.<\/li>\r\n<li><strong>Recurso gratis:<\/strong> \u00dasala cuando quieras y luego con\u00e9ctate con nosotros para planificar tu viaje de forma personalizada.<\/li>\r\n<\/ul>\r\n\t\t\t\t\t\t\t\t\t<img loading=\"lazy\" decoding=\"async\" src=\"https:\/\/laughandgear.com\/wp-content\/uploads\/2025\/08\/tinker-bell-boo-to-you-parade-disney-world.jpg\" alt=\"Tinker Bell waving and blowing a kiss during Mickey's Not So Scary Halloween Party Boo to You Parade.\" itemprop=\"image\" height=\"2048\" width=\"1638\" srcset=\"https:\/\/laughandgear.com\/wp-content\/uploads\/2025\/08\/tinker-bell-boo-to-you-parade-disney-world.jpg 1638w, https:\/\/laughandgear.com\/wp-content\/uploads\/2025\/08\/tinker-bell-boo-to-you-parade-disney-world-240x300.jpg 240w, https:\/\/laughandgear.com\/wp-content\/uploads\/2025\/08\/tinker-bell-boo-to-you-parade-disney-world-819x1024.jpg 819w, https:\/\/laughandgear.com\/wp-content\/uploads\/2025\/08\/tinker-bell-boo-to-you-parade-disney-world-768x960.jpg 768w, https:\/\/laughandgear.com\/wp-content\/uploads\/2025\/08\/tinker-bell-boo-to-you-parade-disney-world-1229x1536.jpg 1229w\" sizes=\"auto, (max-width: 1638px) 100vw, 1638px\" title=\"Tinker Bell at Mickey's Boo to You Parade\" onerror=\"this.style.display='none'\"  \/>\r\n\t\t\t<h2>Preguntas Frecuentes sobre Lightning Lane Booking Window<\/h2>\t\t\t\r\n\t\t\t\t\t\t\t\t\t\t<h4 tabindex=\"0\">\u00bfPuedo reservar todo mi viaje de una vez?<\/h4>\r\n\t\t\t\t\t<p>S\u00ed, si eres hu\u00e9sped de un Disney Resort. Puedes reservar para toda tu estad\u00eda (hasta 14 d\u00edas). Los que se hospedan fuera solo pueden reservar 3 d\u00edas antes de cada visita al parque.<\/p>\r\n\t\t\t\t\t\t\t\t\t\t<h4 tabindex=\"0\">\u00bfEsto funciona tanto para Multi Pass como para Single Pass?<\/h4>\r\n\t\t\t\t\t<p>S\u00ed. Las reglas del <strong>Lightning Lane booking window<\/strong> aplican a ambas opciones. La disponibilidad y el precio var\u00edan seg\u00fan la fecha y la atracci\u00f3n.<\/p>\r\n\t\t\t\t\t\t\t\t\t\t<h4 tabindex=\"0\">\u00bfY si Disney cambia las reglas?<\/h4>\r\n\t\t\t\t\t<p>Las pol\u00edticas, niveles y precios pueden cambiar. Siempre confirma los detalles finales en la aplicaci\u00f3n My Disney Experience antes de reservar.<\/p>\r\n\t\t\t\t\t\t\t\t\t\t<h4 tabindex=\"0\">\u00bfA qu\u00e9 hora abre la reservaci\u00f3n en Puerto Rico?<\/h4>\r\n\t\t\t\t\t<p>Todo abre a las <strong>7:00 AM hora del Este (EST)<\/strong>. En Puerto Rico, es <strong>7:00 AM<\/strong> durante Daylight Saving (mar-nov) y <strong>8:00 AM hora est\u00e1ndar del Atl\u00e1ntico (AST)<\/strong> en invierno (nov-mar).<\/p>\r\n\t\t\t\t\t\t\t\t\t\t<h4 tabindex=\"0\">\u00bfC\u00f3mo afectan los niveles (tiers) mis opciones?<\/h4>\r\n\t\t\t\t\t<p>Los niveles solo limitan tus selecciones iniciales de Multi Pass (ej. una de Nivel 1). Despu\u00e9s de <em>usar una<\/em>, puedes reservar cualquier atracci\u00f3n disponible. Animal Kingdom no tiene niveles.<\/p>\r\n\t\t\t\t\t\t\t\t\t\t<h4 tabindex=\"0\">\u00bfPuedo modificar o cancelar una selecci\u00f3n de Lightning Lane?<\/h4>\r\n\t\t\t\t\t<p>Usualmente puedes <strong>modificar<\/strong> la hora o atracci\u00f3n si hay disponibilidad. Los pases no son reembolsables; si tu nueva opci\u00f3n cuesta m\u00e1s, pagar\u00e1s la diferencia. Siempre verifica los cambios en la aplicaci\u00f3n.<\/p>\r\n\t\t\t\t\t\t\t\t\t\t<h4 tabindex=\"0\">\u00bfQu\u00e9 debo priorizar cuando abra mi ventana de reservas?<\/h4>\r\n\t\t\t\t\t<p>Reserva los d\u00edas m\u00e1s dif\u00edciles primero: <strong>Magic Kingdom \u2192 Hollywood Studios \u2192 EPCOT \u2192 Animal Kingdom<\/strong>. Las m\u00e1s populares incluyen Tiana&#8217;s Bayou Adventure, TRON\/Seven Dwarfs, Slinky Dog Dash, Rise of the Resistance, Guardians y Flight of Passage.<\/p>\r\n\t\t\t\t\t\t\t\t\t\t<h4 tabindex=\"0\">\u00bfPuedo usar Lightning Lane con Park Hopper?<\/h4>\r\n\t\t\t\t\t<p>S\u00ed, si tienes Park Hopper. Despu\u00e9s de usar tu primer Multi Pass del d\u00eda, puedes hacer la pr\u00f3xima selecci\u00f3n en cualquier parque (sujeto a disponibilidad). Los Single Pass est\u00e1n atados a atracciones\/parques espec\u00edficos.<\/p>\r\n\t\t\t\t\t\t\t\t\t\t<h4 tabindex=\"0\">\u00bfCu\u00e1ntas personas puedo reservar a la vez?<\/h4>\r\n\t\t\t\t\t<p>Hasta <strong>20 hu\u00e9spedes<\/strong> por transacci\u00f3n. Grupos m\u00e1s grandes deben dividirse en equipos y coordinar ventanas de regreso similares para montar juntos.<\/p>\r\n\t\t\t\t\t\t\t\t\t\t<h4 tabindex=\"0\">\u00bfLas ventanas de regreso se pueden solapar y hay periodo de gracia?<\/h4>\r\n\t\t\t\t\t<p>Las ventanas de regreso pueden solaparse. La app usualmente guarda selecciones por 5 minutos mientras ajustas. Puede haber un breve periodo de gracia en la entrada, pero <strong>si expira, cuenta como usada<\/strong> &#8211; modif\u00edcala antes de que expire.<\/p>\r\n\t\t\t\t\t\t\t\t\t\t<h4 tabindex=\"0\">\u00bfNecesito una reservaci\u00f3n de parque?<\/h4>\r\n\t\t\t\t\t<p>Algunos boletos\/fechas pueden requerir reservaci\u00f3n de parque. Aseg\u00farate de enlazar tus boletos en My Disney Experience y seguir los pasos antes de que abra tu <strong>Lightning Lane booking window<\/strong>.<\/p>\r\n\t\t\t\t\t\t\t\t\t\t<h4 tabindex=\"0\">\u00bfAlguna atracci\u00f3n requiere Virtual Queue?<\/h4>\r\n\t\t\t\t\t<p>Las Virtual Queues pueden usarse en algunas experiencias y normalmente abren el mismo d\u00eda. Siempre revisa la aplicaci\u00f3n My Disney Experience para el estatus actual y horarios.<\/p>\r\n\t\t\t<h3>\u00bfNecesitas ayuda con Lightning Lanes?<\/h3>\t\t\t\r\n\t\t\t\t<p>No te estreses levant\u00e1ndote temprano ni manejando m\u00faltiples fechas. Como asesores de viajes Disney biling\u00fces basados en Puerto Rico, nos encargamos de tu <strong>Lightning Lane booking window<\/strong>, creamos un plan a tu medida y estamos pendientes por mejores opciones.<\/p>\r\n<a href=\"https:\/\/laughandgear.com\/es\/reservar-paquetes-de-viaje-disney-world\/\" target=\"_self\">Planifica con Laugh &amp; Gear<\/a>\t\t\t\r\n\t\t\t<h2>Explore the Latest Theme Park Tips &#038; Updates<\/h2>\t\t\t\r\n\t\t\t\t<p>Stay ahead of the magic with expert tips, must-have gear, and the latest theme park updates! From packing guides to ride strategies, we help you plan the ultimate Disney and Universal adventure.<\/p>\r\n<p><a href=\"https:\/\/laughandgear.com\/es\/reserva-tus-vacaciones\/\">Let us take care of the details<\/a> while you focus on the fun! \ud83d\ude80\ud83c\udfa2<\/p>\r\n\t\t\t<h2>Explora los \u00daltimos Consejos y Novedades de los Parques Tem\u00e1ticos<\/h2>\t\t\t\r\n\t\t\t\t<p>Mantente un paso adelante de la magia con consejos de expertos, art\u00edculos imprescindibles y las \u00faltimas novedades de los parques. Desde gu\u00edas de equipaje hasta estrategias para las filas, te ayudamos a planificar la aventura definitiva en Disney y Universal.<\/p>\r\n<p><a href=\"https:\/\/laughandgear.com\/es\/reserva-tus-vacaciones\/\">D\u00e9janos encargarnos de los detalles<\/a> mientras t\u00fa solo te enfocas en disfrutar. \ud83d\ude80\ud83c\udfa2<\/p>\r\n\r\n","protected":false},"excerpt":{"rendered":"<p>\u00bfQuieres saber cu\u00e1ndo puedes empezar a reservar tus Lightning Lane en Disney World? Desc\u00fabrelo en segundos con nuestra calculadora gratuita de ventana de reservas Lightning Lane. Ventana de Reservas Lightning Lane Descubre exactamente cu\u00e1ndo puedes empezar a reservar tus Lightning Lane &#8211; con o sin estad\u00eda en un hotel de Walt Disney World Resort. \u00bfTe&hellip;<\/p>\n","protected":false},"author":2,"featured_media":1000267,"parent":0,"menu_order":0,"comment_status":"closed","ping_status":"closed","template":"","meta":{"_seopress_robots_primary_cat":"","_seopress_titles_title":"\u00bfCu\u00e1ndo puedes reservar Lightning Lane en Disney World?","_seopress_titles_desc":"\u00bfConfundido sobre cu\u00e1ndo puedes reservar Lightning Lane en Disney World? Ingresa los detalles de tu viaje y descubre tu ventana exacta al instante. Funciona para hoteles Disney y fuera de Disney.","_seopress_robots_index":"","footnotes":""},"class_list":["post-1000262","page","type-page","status-publish","has-post-thumbnail","hentry"],"_links":{"self":[{"href":"https:\/\/laughandgear.com\/es\/wp-json\/wp\/v2\/pages\/1000262","targetHints":{"allow":["GET"]}}],"collection":[{"href":"https:\/\/laughandgear.com\/es\/wp-json\/wp\/v2\/pages"}],"about":[{"href":"https:\/\/laughandgear.com\/es\/wp-json\/wp\/v2\/types\/page"}],"author":[{"embeddable":true,"href":"https:\/\/laughandgear.com\/es\/wp-json\/wp\/v2\/users\/2"}],"replies":[{"embeddable":true,"href":"https:\/\/laughandgear.com\/es\/wp-json\/wp\/v2\/comments?post=1000262"}],"version-history":[{"count":0,"href":"https:\/\/laughandgear.com\/es\/wp-json\/wp\/v2\/pages\/1000262\/revisions"}],"wp:featuredmedia":[{"embeddable":true,"href":"https:\/\/laughandgear.com\/es\/wp-json\/wp\/v2\/media\/1000267"}],"wp:attachment":[{"href":"https:\/\/laughandgear.com\/es\/wp-json\/wp\/v2\/media?parent=1000262"}],"curies":[{"name":"wp","href":"https:\/\/api.w.org\/{rel}","templated":true}]}}